{"id":5762,"date":"2018-10-22T13:49:40","date_gmt":"2018-10-22T13:49:40","guid":{"rendered":"https:\/\/www.ekko-wp.com\/?page_id=5762"},"modified":"2019-10-15T20:37:54","modified_gmt":"2019-10-15T20:37:54","slug":"who-we-are","status":"publish","type":"page","link":"http:\/\/pmd-solutionsplus.com\/psp\/who-we-are\/?lang=en","title":{"rendered":"Who are we"},"content":{"rendered":"<p>[vc_row full_width=\u00a0\u00bbstretch_row\u00a0\u00bb css=\u00a0\u00bb.vc_custom_1570623306233{padding-top: 275px !important;padding-bottom: 150px !important;background-image: url(http:\/\/pmd-solutionsplus.com\/psp\/wp-content\/uploads\/2019\/10\/cropped-toa-heftiba-296460-unsplash-1.jpg?id=7549) !important;background-position: center !important;background-repeat: no-repeat !important;background-size: cover !important;}\u00a0\u00bb][vc_column css=\u00a0\u00bb.vc_custom_1556023475207{margin-left: 0px !important;padding-left: 0px !important;}\u00a0\u00bb][vc_row_inner][vc_column_inner]<header class=\"kd-section-title vc_col-lg-6 vc_col-sm-8 text-left  kd-animated fadeIn  \" data-animation-delay=200><h2 class=\"separator_off\" style=\"color: #ffffff;font-size: 36px;\">Distribution, product marketing and food brokerage<\/h2><h6 class=\"subtitle \" style=\"color: #ffffff;\">PMD Solutions Plus's mission is to provide quality products that meet customer expectations and deliver high quality environmental standards.<\/h6><\/header>[vc_empty_space height=\u00a0\u00bb20px\u00a0\u00bb][\/vc_column_inner][\/vc_row_inner][vc_row_inner css=\u00a0\u00bb.vc_custom_1516118473562{margin-bottom: 30px !important;}\u00a0\u00bb][vc_column_inner width=\u00a0\u00bb5\/12&Prime;]<a  href=\"http:\/\/dev-website.xyz\/pmd\/who-we-are\/\"  target=\"_self\"  title=\"\" class=\"tt_button tt_primary_button btn_primary_color  pull-left\" ><span class=\"prim_text\">Distributed Products<\/span><\/a><a  href=\"http:\/\/dev-website.xyz\/pmd\/contact-us\/\"  target=\"_self\"  title=\"\" class=\"tt_button tt_secondary_button btn_primary_color  pull-left\" ><span class=\"prim_text\">Contact Us<\/span><\/a>[\/vc_column_inner][vc_column_inner width=\u00a0\u00bb7\/12&Prime; css=\u00a0\u00bb.vc_custom_1511266572685{padding-right: 50px !important;padding-left: 50px !important;}\u00a0\u00bb][\/vc_column_inner][\/vc_row_inner][\/vc_column][\/vc_row][vc_row full_width=\u00a0\u00bbstretch_row\u00a0\u00bb css=\u00a0\u00bb.vc_custom_1570626592011{padding-top: 50px !important;}\u00a0\u00bb][vc_column css=\u00a0\u00bb.vc_custom_1516009024901{padding-right: 0px !important;padding-left: 0px !important;}\u00a0\u00bb][vc_custom_heading text=\u00a0\u00bbWho are we\u00a0\u00bb font_container=\u00a0\u00bbtag:h2|text_align:center\u00a0\u00bb use_theme_fonts=\u00a0\u00bbyes\u00a0\u00bb][vc_column_text]<\/p>\n<h4>Our history<\/h4>\n<p>PMD Solutions Plus&rsquo;s mission is to provide quality products that meet customer expectations and deliver high quality environmental standards.<\/p>\n<p>Founded in 1995 under the name of PMD Logisoft inc., PMD quickly became a reference in the field of distribution and marketing of French-language software in Quebec and Canada.<\/p>\n<p>The result is the conclusion of a series of distribution agreements with major chain stores operating throughout Canada. As a result, PMD quickly becomes an authorized salesman at Staples, Costco, Wal-Mart, Radio Shack, The Source, Future Shop, Best Buy, Zellers, EB Games, Canadian Tire, HBC Bay Company Hudson, Toys&rsquo;R Us, as well as schools and government agencies.<\/p>\n<p>As the software market evolves rapidly, we have continued over the years to find new products and market them successfully.<\/p>\n<p>We now offer and market a variety of products, including organic products and natural products that we distribute in new distribution networks that we have developed:[\/vc_column_text][vc_column_text css_animation=\u00a0\u00bbfadeIn\u00a0\u00bb el_class=\u00a0\u00bbctCustomBGt\u00a0\u00bb css=\u00a0\u00bb.vc_custom_1570863829431{margin-bottom: 30px !important;}\u00a0\u00bb]<\/p>\n<ul>\n<li style=\"text-align: left;\">IGA Food Stores, Rachelle-B\u00e9ry Grocery &amp; Health Stores, Metro Food Stores, Indigo, Well.ca, Avril Health Supermarket, Adonis Market, Bulk Barn Foods Ltd., Home Hardware Stores, Amazon.com, Amazon. ca, Doyon Despr\u00e9s, the ITHQ Institute of Tourism and Hospitality of Quebec.<\/li>\n<li style=\"text-align: left;\">Multiple specialized and independent stores.<\/li>\n<li style=\"text-align: left;\">The networks of Uniprix, Familiprix and Jean Coutu pharmacies.<\/li>\n<\/ul>\n<p>[\/vc_column_text][vc_column_text]We select the products we distribute with care and conscientiousness, taking into account sustainable development and integrating our environmental protection values.<\/p>\n<p>The values of our team are as follows:<\/p>\n<ul>\n<li>Customer approach, personalized service<\/li>\n<li>Team spirit<\/li>\n<li>Excellence<\/li>\n<li>Responsibility<\/li>\n<li>integrity<\/li>\n<li>Professionalism<\/li>\n<li>Sustainable development and respect for the environment<\/li>\n<\/ul>\n<p>We act as a distributor but also as a broker with several suppliers.[\/vc_column_text][vc_column_text]<span class=\"tlid-translation translation\" lang=\"en\" tabindex=\"-1\"><span title=\"\">We are EDI compliant to multiple clients for electronic data transfer.<\/span><\/span><\/p>\n<p><span title=\"\">Our business process ensures efficient and reliable order fulfillment and order processing to meet the needs of our customers.<\/span><\/p>\n<p><span class=\"\" title=\"\">PMD Solutions Plus Inc., we are your partner of choice for the distribution of your products.<\/span>[\/vc_column_text][vc_column_text]<strong>Products:<\/strong><\/p>\n<ul>\n<li>Silikomart<\/li>\n<li>Scrapcooking<\/li>\n<li>Monbento<\/li>\n<li>Kronobar<\/li>\n<li>Sauces Piquantes.ca<\/li>\n<li>Fixi Kombucha<\/li>\n<li>Les Fermes Marcello<\/li>\n<li>Mirontaine<\/li>\n<li>Bkind<\/li>\n<li>Elucx<\/li>\n<\/ul>\n<p>[\/vc_column_text][vc_empty_space height=\u00a0\u00bb20px\u00a0\u00bb][vc_column_text]<strong>Food Brokerage and Distribution<\/strong><\/p>\n<p>We are the link between you and your future customers. We offer a turnkey food brokerage service. We are mandated by suppliers to ensure the sale and good distribution of their products to their target markets.<\/p>\n<p>Our representatives follow well-established routes to ensure that the stores are covered and they ensure that they provide unparalleled service. We offer coverage from major chains to independent stores.<\/p>\n<p>Our field representatives use effective technology that delivers an online Ipad tablet program for easy follow-up in stores<\/p>\n<p>In addition, to act as a food broker, we also offer the distribution and order picking service.<\/p>\n<p>Our services are:<\/p>\n<ul>\n<li>Order taking and inventory tracking in stores<\/li>\n<li>Competition analysis<\/li>\n<li>Setting up products in store<\/li>\n<li>Internal tracking and order taking via phone<\/li>\n<li>Communication and training with store staff<\/li>\n<li>Warehousing, order preparation and distribution.<\/li>\n<\/ul>\n<p>[\/vc_column_text][vc_empty_space height=\u00a0\u00bb60px\u00a0\u00bb][\/vc_column][\/vc_row][vc_row full_width=\u00a0\u00bbstretch_row\u00a0\u00bb css=\u00a0\u00bb.vc_custom_1570607084475{background-color: #ffffff !important;}\u00a0\u00bb][vc_column][vc_row_inner][vc_column_inner]<header class=\"kd-section-title col-lg-12 text-center  kd-animated fadeIn ctAboutText  vc_custom_1570863560483\" data-animation-delay=200><h2 class=\"separator_off\" >Our clients<\/h2><h6 class=\"subtitle \" >We now offer and market a variety of products, including organic products and natural products that we distribute in new distribution networks that we have developed:<\/h6><\/header>[\/vc_column_inner][\/vc_row_inner][vc_row_inner css=\u00a0\u00bb.vc_custom_1570611861378{margin-right: 100px !important;margin-left: 100px !important;padding-top: 30px !important;}\u00a0\u00bb][vc_column_inner width=\u00a0\u00bb1\/6&Prime; css=\u00a0\u00bb.vc_custom_1513266911032{border-right-width: 1px !important;padding-top: 40px !important;padding-bottom: 40px !important;border-right-color: rgba(0,0,0,0.08) !important;border-right-style: solid !important;}\u00a0\u00bb][vc_single_image image=\u00a0\u00bb7630&Prime; img_size=\u00a0\u00bbfull\u00a0\u00bb alignment=\u00a0\u00bbcenter\u00a0\u00bb][\/vc_column_inner][vc_column_inner width=\u00a0\u00bb1\/6&Prime; css=\u00a0\u00bb.vc_custom_1513266915614{border-right-width: 1px !important;padding-top: 40px !important;padding-bottom: 40px !important;border-right-color: rgba(0,0,0,0.08) !important;border-right-style: solid !important;}\u00a0\u00bb][vc_single_image image=\u00a0\u00bb7620&Prime; img_size=\u00a0\u00bbfull\u00a0\u00bb alignment=\u00a0\u00bbcenter\u00a0\u00bb][\/vc_column_inner][vc_column_inner width=\u00a0\u00bb1\/6&Prime; css=\u00a0\u00bb.vc_custom_1570606793927{border-right-width: 1px !important;padding-top: 40px !important;padding-bottom: 40px !important;border-right-color: rgba(0,0,0,0.08) !important;border-right-style: solid !important;}\u00a0\u00bb][vc_single_image image=\u00a0\u00bb7613&Prime; img_size=\u00a0\u00bbfull\u00a0\u00bb alignment=\u00a0\u00bbcenter\u00a0\u00bb][\/vc_column_inner][vc_column_inner width=\u00a0\u00bb1\/6&Prime; css=\u00a0\u00bb.vc_custom_1570607946454{border-left-width: 1px !important;padding-top: 40px !important;padding-bottom: 40px !important;border-left-color: rgba(0,0,0,0.08) !important;border-left-style: solid !important;}\u00a0\u00bb][vc_single_image image=\u00a0\u00bb7618&Prime; img_size=\u00a0\u00bbfull\u00a0\u00bb alignment=\u00a0\u00bbcenter\u00a0\u00bb][\/vc_column_inner][vc_column_inner width=\u00a0\u00bb1\/6&Prime; css=\u00a0\u00bb.vc_custom_1570608566324{border-right-width: 1px !important;border-left-width: 1px !important;padding-top: 40px !important;padding-bottom: 40px !important;border-left-color: rgba(0,0,0,0.08) !important;border-left-style: solid !important;border-right-color: rgba(0,0,0,0.08) !important;border-right-style: solid !important;}\u00a0\u00bb][vc_single_image image=\u00a0\u00bb7609&Prime; img_size=\u00a0\u00bbfull\u00a0\u00bb alignment=\u00a0\u00bbcenter\u00a0\u00bb][\/vc_column_inner][vc_column_inner width=\u00a0\u00bb1\/6&Prime; css=\u00a0\u00bb.vc_custom_1570607955866{padding-top: 40px !important;padding-bottom: 40px !important;}\u00a0\u00bb][vc_single_image image=\u00a0\u00bb7610&Prime; img_size=\u00a0\u00bbfull\u00a0\u00bb alignment=\u00a0\u00bbcenter\u00a0\u00bb][\/vc_column_inner][\/vc_row_inner][vc_row_inner css=\u00a0\u00bb.vc_custom_1570607609462{margin-right: 100px !important;margin-left: 100px !important;border-top-width: 1px !important;border-top-color: rgba(10,10,10,0.07) !important;border-top-style: solid !important;}\u00a0\u00bb][vc_column_inner width=\u00a0\u00bb1\/6&Prime; css=\u00a0\u00bb.vc_custom_1513266931994{border-right-width: 1px !important;padding-top: 40px !important;padding-bottom: 40px !important;border-right-color: rgba(0,0,0,0.08) !important;border-right-style: solid !important;}\u00a0\u00bb][vc_single_image image=\u00a0\u00bb7611&Prime; img_size=\u00a0\u00bbfull\u00a0\u00bb alignment=\u00a0\u00bbcenter\u00a0\u00bb][\/vc_column_inner][vc_column_inner width=\u00a0\u00bb1\/6&Prime; css=\u00a0\u00bb.vc_custom_1513266936444{border-right-width: 1px !important;padding-top: 40px !important;padding-bottom: 40px !important;border-right-color: rgba(0,0,0,0.08) !important;border-right-style: solid !important;}\u00a0\u00bb][vc_single_image image=\u00a0\u00bb7623&Prime; img_size=\u00a0\u00bbfull\u00a0\u00bb alignment=\u00a0\u00bbcenter\u00a0\u00bb][\/vc_column_inner][vc_column_inner width=\u00a0\u00bb1\/6&Prime; css=\u00a0\u00bb.vc_custom_1570606800350{border-right-width: 1px !important;padding-top: 40px !important;padding-bottom: 40px !important;border-right-color: rgba(0,0,0,0.08) !important;border-right-style: solid !important;}\u00a0\u00bb][vc_single_image image=\u00a0\u00bb7631&Prime; img_size=\u00a0\u00bbfull\u00a0\u00bb alignment=\u00a0\u00bbcenter\u00a0\u00bb][\/vc_column_inner][vc_column_inner width=\u00a0\u00bb1\/6&Prime; css=\u00a0\u00bb.vc_custom_1570607984642{border-left-width: 1px !important;padding-top: 40px !important;padding-bottom: 40px !important;border-left-color: rgba(0,0,0,0.08) !important;border-left-style: solid !important;}\u00a0\u00bb][vc_single_image image=\u00a0\u00bb7621&Prime; img_size=\u00a0\u00bbfull\u00a0\u00bb alignment=\u00a0\u00bbcenter\u00a0\u00bb][\/vc_column_inner][vc_column_inner width=\u00a0\u00bb1\/6&Prime; css=\u00a0\u00bb.vc_custom_1570608574426{border-right-width: 1px !important;border-left-width: 1px !important;padding-top: 40px !important;padding-bottom: 40px !important;border-left-color: rgba(0,0,0,0.08) !important;border-left-style: solid !important;border-right-color: rgba(0,0,0,0.08) !important;border-right-style: solid !important;}\u00a0\u00bb][vc_single_image image=\u00a0\u00bb7617&Prime; img_size=\u00a0\u00bbfull\u00a0\u00bb alignment=\u00a0\u00bbcenter\u00a0\u00bb][\/vc_column_inner][vc_column_inner width=\u00a0\u00bb1\/6&Prime; css=\u00a0\u00bb.vc_custom_1570607966483{padding-top: 40px !important;padding-bottom: 40px !important;}\u00a0\u00bb][vc_single_image image=\u00a0\u00bb7622&Prime; img_size=\u00a0\u00bbfull\u00a0\u00bb alignment=\u00a0\u00bbcenter\u00a0\u00bb][\/vc_column_inner][\/vc_row_inner][vc_row_inner css=\u00a0\u00bb.vc_custom_1570607609462{margin-right: 100px !important;margin-left: 100px !important;border-top-width: 1px !important;border-top-color: rgba(10,10,10,0.07) !important;border-top-style: solid !important;}\u00a0\u00bb][vc_column_inner width=\u00a0\u00bb1\/6&Prime; css=\u00a0\u00bb.vc_custom_1513266931994{border-right-width: 1px !important;padding-top: 40px !important;padding-bottom: 40px !important;border-right-color: rgba(0,0,0,0.08) !important;border-right-style: solid !important;}\u00a0\u00bb][vc_single_image image=\u00a0\u00bb7619&Prime; img_size=\u00a0\u00bbfull\u00a0\u00bb alignment=\u00a0\u00bbcenter\u00a0\u00bb][\/vc_column_inner][vc_column_inner width=\u00a0\u00bb1\/6&Prime; css=\u00a0\u00bb.vc_custom_1513266936444{border-right-width: 1px !important;padding-top: 40px !important;padding-bottom: 40px !important;border-right-color: rgba(0,0,0,0.08) !important;border-right-style: solid !important;}\u00a0\u00bb][vc_single_image image=\u00a0\u00bb7629&Prime; img_size=\u00a0\u00bbfull\u00a0\u00bb alignment=\u00a0\u00bbcenter\u00a0\u00bb][\/vc_column_inner][vc_column_inner width=\u00a0\u00bb1\/6&Prime; css=\u00a0\u00bb.vc_custom_1570606800350{border-right-width: 1px !important;padding-top: 40px !important;padding-bottom: 40px !important;border-right-color: rgba(0,0,0,0.08) !important;border-right-style: solid !important;}\u00a0\u00bb][vc_single_image image=\u00a0\u00bb7615&Prime; img_size=\u00a0\u00bbfull\u00a0\u00bb alignment=\u00a0\u00bbcenter\u00a0\u00bb][\/vc_column_inner][vc_column_inner width=\u00a0\u00bb1\/6&Prime; css=\u00a0\u00bb.vc_custom_1570607984642{border-left-width: 1px !important;padding-top: 40px !important;padding-bottom: 40px !important;border-left-color: rgba(0,0,0,0.08) !important;border-left-style: solid !important;}\u00a0\u00bb][vc_single_image image=\u00a0\u00bb7626&Prime; img_size=\u00a0\u00bbfull\u00a0\u00bb alignment=\u00a0\u00bbcenter\u00a0\u00bb][\/vc_column_inner][vc_column_inner width=\u00a0\u00bb1\/6&Prime; css=\u00a0\u00bb.vc_custom_1570608580716{border-right-width: 1px !important;border-left-width: 1px !important;padding-top: 40px !important;padding-bottom: 40px !important;border-left-color: rgba(0,0,0,0.08) !important;border-left-style: solid !important;border-right-color: rgba(0,0,0,0.08) !important;border-right-style: solid !important;}\u00a0\u00bb][vc_single_image image=\u00a0\u00bb7628&Prime; img_size=\u00a0\u00bbfull\u00a0\u00bb alignment=\u00a0\u00bbcenter\u00a0\u00bb][\/vc_column_inner][vc_column_inner width=\u00a0\u00bb1\/6&Prime; css=\u00a0\u00bb.vc_custom_1570607966483{padding-top: 40px !important;padding-bottom: 40px !important;}\u00a0\u00bb][vc_single_image image=\u00a0\u00bb7614&Prime; img_size=\u00a0\u00bbfull\u00a0\u00bb alignment=\u00a0\u00bbcenter\u00a0\u00bb][\/vc_column_inner][\/vc_row_inner][vc_row_inner css=\u00a0\u00bb.vc_custom_1570607609462{margin-right: 100px !important;margin-left: 100px !important;border-top-width: 1px !important;border-top-color: rgba(10,10,10,0.07) !important;border-top-style: solid !important;}\u00a0\u00bb][vc_column_inner width=\u00a0\u00bb1\/6&Prime; css=\u00a0\u00bb.vc_custom_1513266931994{border-right-width: 1px !important;padding-top: 40px !important;padding-bottom: 40px !important;border-right-color: rgba(0,0,0,0.08) !important;border-right-style: solid !important;}\u00a0\u00bb][vc_single_image image=\u00a0\u00bb7624&Prime; img_size=\u00a0\u00bbfull\u00a0\u00bb alignment=\u00a0\u00bbcenter\u00a0\u00bb][\/vc_column_inner][vc_column_inner width=\u00a0\u00bb1\/6&Prime; css=\u00a0\u00bb.vc_custom_1513266936444{border-right-width: 1px !important;padding-top: 40px !important;padding-bottom: 40px !important;border-right-color: rgba(0,0,0,0.08) !important;border-right-style: solid !important;}\u00a0\u00bb][vc_single_image image=\u00a0\u00bb7625&Prime; img_size=\u00a0\u00bbfull\u00a0\u00bb alignment=\u00a0\u00bbcenter\u00a0\u00bb][\/vc_column_inner][vc_column_inner width=\u00a0\u00bb1\/6&Prime; css=\u00a0\u00bb.vc_custom_1570606800350{border-right-width: 1px !important;padding-top: 40px !important;padding-bottom: 40px !important;border-right-color: rgba(0,0,0,0.08) !important;border-right-style: solid !important;}\u00a0\u00bb][vc_single_image image=\u00a0\u00bb7616&Prime; img_size=\u00a0\u00bbfull\u00a0\u00bb alignment=\u00a0\u00bbcenter\u00a0\u00bb][\/vc_column_inner][vc_column_inner width=\u00a0\u00bb1\/6&Prime; css=\u00a0\u00bb.vc_custom_1570607984642{border-left-width: 1px !important;padding-top: 40px !important;padding-bottom: 40px !important;border-left-color: rgba(0,0,0,0.08) !important;border-left-style: solid !important;}\u00a0\u00bb][vc_single_image image=\u00a0\u00bb7612&Prime; img_size=\u00a0\u00bbfull\u00a0\u00bb alignment=\u00a0\u00bbcenter\u00a0\u00bb][\/vc_column_inner][vc_column_inner width=\u00a0\u00bb1\/6&Prime; css=\u00a0\u00bb.vc_custom_1570608770608{border-left-width: 1px !important;padding-top: 40px !important;padding-bottom: 40px !important;border-left-color: rgba(0,0,0,0.08) !important;border-left-style: solid !important;}\u00a0\u00bb][vc_single_image image=\u00a0\u00bb7627&Prime; img_size=\u00a0\u00bbfull\u00a0\u00bb alignment=\u00a0\u00bbcenter\u00a0\u00bb][\/vc_column_inner][vc_column_inner width=\u00a0\u00bb1\/6&Prime; css=\u00a0\u00bb.vc_custom_1571160634139{border-left-width: 1px !important;padding-top: 20px !important;padding-bottom: 40px !important;border-left-color: rgba(0,0,0,0.08) !important;border-left-style: solid !important;}\u00a0\u00bb][vc_single_image image=\u00a0\u00bb7871&Prime; img_size=\u00a0\u00bbfull\u00a0\u00bb alignment=\u00a0\u00bbcenter\u00a0\u00bb][\/vc_column_inner][\/vc_row_inner][\/vc_column][\/vc_row][vc_row full_width=\u00a0\u00bbstretch_row\u00a0\u00bb][vc_column][vc_row_inner css=\u00a0\u00bb.vc_custom_1555684681204{padding-bottom: 100px !important;}\u00a0\u00bb][vc_column_inner width=\u00a0\u00bb1\/6&Prime;][\/vc_column_inner][vc_column_inner width=\u00a0\u00bb2\/3&Prime;]<header class=\"kd-section-title col-lg-12 text-center  kd-animated fadeIn  \" data-animation-delay=200><h2 class=\"separator_off\" >Interested? Let's get in touch!<\/h2><h6 class=\"subtitle \" >PMD Solutions Plus a pour mission de fournir des produits de qualit\u00e9 r\u00e9pondant aux attentes des clients et offrant des normes environnementales de haute qualit\u00e9.<\/h6><\/header>[vc_empty_space height=\u00a0\u00bb15px\u00a0\u00bb]<a style=\"width: 300px;\" href=\"http:\/\/dev-website.xyz\/pmd\/contact-us\/\"  target=\"_self\"  title=\"\" class=\"tt_button tt_primary_button btn_primary_color  button-center  kd-animated zoomIn\" data-animation-delay=200><span class=\"prim_text\">Get started<\/span><\/a>[\/vc_column_inner][vc_column_inner width=\u00a0\u00bb1\/6&Prime;][\/vc_column_inner][\/vc_row_inner][\/vc_column][\/vc_row]<\/p>\n","protected":false},"excerpt":{"rendered":"<p>[vc_row full_width=\u00a0\u00bbstretch_row\u00a0\u00bb css=\u00a0\u00bb.vc_custom_1570623306233{padding-top: 275px !important;padding-bottom: 150px !important;background-image: url(http:\/\/pmd-solutionsplus.com\/psp\/wp-content\/uploads\/2019\/10\/cropped-toa-heftiba-296460-unsplash-1.jpg?id=7549) !important;background-position: center !important;background-repeat: no-repeat !important;background-size: cover !important;}\u00a0\u00bb][vc_column [&hellip;]<\/p>\n","protected":false},"author":1,"featured_media":0,"parent":0,"menu_order":0,"comment_status":"closed","ping_status":"closed","template":"","meta":{"footnotes":""},"_links":{"self":[{"href":"http:\/\/pmd-solutionsplus.com\/psp\/wp-json\/wp\/v2\/pages\/5762"}],"collection":[{"href":"http:\/\/pmd-solutionsplus.com\/psp\/wp-json\/wp\/v2\/pages"}],"about":[{"href":"http:\/\/pmd-solutionsplus.com\/psp\/wp-json\/wp\/v2\/types\/page"}],"author":[{"embeddable":true,"href":"http:\/\/pmd-solutionsplus.com\/psp\/wp-json\/wp\/v2\/users\/1"}],"replies":[{"embeddable":true,"href":"http:\/\/pmd-solutionsplus.com\/psp\/wp-json\/wp\/v2\/comments?post=5762"}],"version-history":[{"count":41,"href":"http:\/\/pmd-solutionsplus.com\/psp\/wp-json\/wp\/v2\/pages\/5762\/revisions"}],"predecessor-version":[{"id":7885,"href":"http:\/\/pmd-solutionsplus.com\/psp\/wp-json\/wp\/v2\/pages\/5762\/revisions\/7885"}],"wp:attachment":[{"href":"http:\/\/pmd-solutionsplus.com\/psp\/wp-json\/wp\/v2\/media?parent=5762"}],"curies":[{"name":"wp","href":"https:\/\/api.w.org\/{rel}","templated":true}]}}