{"id":7801,"date":"2019-04-24T14:50:00","date_gmt":"2019-04-24T14:50:00","guid":{"rendered":"http:\/\/pmd-solutionsplus.com\/psp\/home-consulting\/"},"modified":"2021-03-25T14:32:26","modified_gmt":"2021-03-25T14:32:26","slug":"home-consulting","status":"publish","type":"page","link":"http:\/\/pmd-solutionsplus.com\/psp\/","title":{"rendered":"Accueil"},"content":{"rendered":"<p>[vc_row full_width=\u00a0\u00bbstretch_row\u00a0\u00bb kd_bottom_separator_style=\u00a0\u00bbrounded-down\u00a0\u00bb kd_bottom_separator_height=\u00a0\u00bbseparator-height-medium\u00a0\u00bb kd_bottom_separator=\u00a0\u00bbtrue\u00a0\u00bb kd_bottom_separator_bg=\u00a0\u00bb#f3f3f3&Prime;][vc_column][rev_slider_vc alias=\u00a0\u00bbconsulting-slider\u00a0\u00bb][\/vc_column][\/vc_row][vc_row css=\u00a0\u00bb.vc_custom_1570604719314{padding-top: 0px !important;}\u00a0\u00bb][vc_column css=\u00a0\u00bb.vc_custom_1515687105834{padding-right: 0px !important;padding-left: 0px !important;}\u00a0\u00bb][vc_row_inner css=\u00a0\u00bb.vc_custom_1570632938363{margin-top: -20px !important;padding-bottom: 30px !important;}\u00a0\u00bb][vc_column_inner width=\u00a0\u00bb1\/4&Prime;]<div class=\"cb-container  kd-animated fadeInUp\" ><div class=\"cb-img-area\"><i class=\"iconsmind-Add-Cart fa\" style=\" \"><\/i> <\/div><div class=\"cb-text-area\">\n                    <h4 class=\"cb-heading \">Distribution<\/h4><p>Profitez de notre vaste r\u00e9seau de clients pour distribuer vos produits.<\/p><\/div><\/div>[\/vc_column_inner][vc_column_inner width=\u00a0\u00bb1\/4&Prime;]<div class=\"cb-container  kd-animated fadeInUp\" data-animation-delay=200><div class=\"cb-img-area\"><i class=\"iconsmind-Statistic fa\" style=\" \"><\/i> <\/div><div class=\"cb-text-area\">\n                    <h4 class=\"cb-heading \">Commercialisation de produits<\/h4><p>Nous vous aiderons \u00e0 faire connaitre vos produits dans les diff\u00e9rents march\u00e9s.<\/p><\/div><\/div>[\/vc_column_inner][vc_column_inner width=\u00a0\u00bb1\/4&Prime;]<div class=\"cb-container  kd-animated fadeInUp\" data-animation-delay=600><div class=\"cb-img-area\"><i class=\"iconsmind-Network fa\" style=\" \"><\/i> <\/div><div class=\"cb-text-area\">\n                    <h4 class=\"cb-heading \">Courtage alimentaire<\/h4><p>Nous sommes le lien entre vous et vos futurs clients. Notre r\u00f4le premier est de cibler un bassin de clients potentiels int\u00e9ress\u00e9s \u00e0 vos produits.<\/p><\/div><\/div>[\/vc_column_inner][vc_column_inner width=\u00a0\u00bb1\/4&Prime;]<div class=\"cb-container  kd-animated fadeInUp leargeTextf\" data-animation-delay=600><div class=\"cb-img-area\"><i class=\"iconsmind-Add-UserStar fa\" style=\" \"><\/i> <\/div><div class=\"cb-text-area\">\n                    <h4 class=\"cb-heading \">Standards de Qualit\u00e9 \u00e9lev\u00e9s<\/h4><p>Notre r\u00e9seau vous donne acc\u00e8s aux plus grands marchants et banni\u00e8res du Quebec<\/p><\/div><\/div>[\/vc_column_inner][\/vc_row_inner][\/vc_column][\/vc_row][vc_row full_width=\u00a0\u00bbstretch_row\u00a0\u00bb css=\u00a0\u00bb.vc_custom_1570604752634{padding-bottom: 15px !important;background-color: #f3f3f3 !important;}\u00a0\u00bb][vc_column offset=\u00a0\u00bbvc_col-lg-12 vc_col-md-12&Prime;][vc_row_inner][vc_column_inner]<header class=\"kd-section-title col-lg-12 text-center  kd-animated fadeIn ctAboutText  vc_custom_1573056405472\" data-animation-delay=200><h2 class=\"separator_off\" >PMD-Solutions Plus<\/h2><h6 class=\"subtitle \" >PMD Solutions Plus a pour mission de fournir des produits de qualit\u00e9 r\u00e9pondant aux attentes des clients et offrant des normes environnementales de haute qualit\u00e9.<\/p>\n<p>Nous s\u00e9lectionnons les produits que nous distribuons avec minutie et avec conscience professionnelle en tenant compte du d\u00e9veloppement durable et en int\u00e9grant nos valeurs de protection environnementales.<\/h6><\/header>[\/vc_column_inner][\/vc_row_inner][\/vc_column][\/vc_row][vc_row full_width=\u00a0\u00bbstretch_row\u00a0\u00bb kd_bottom_separator_style=\u00a0\u00bbrounded-down\u00a0\u00bb kd_bottom_separator_height=\u00a0\u00bbseparator-height-medium\u00a0\u00bb kd_bottom_separator=\u00a0\u00bbtrue\u00a0\u00bb][vc_column][vc_custom_heading text=\u00a0\u00bbLes valeurs de notre \u00e9quipe sont les suivantes :\u00a0\u00bb font_container=\u00a0\u00bbtag:h3|text_align:center\u00a0\u00bb use_theme_fonts=\u00a0\u00bbyes\u00a0\u00bb el_class=\u00a0\u00bbctsubHeading\u00a0\u00bb css=\u00a0\u00bb.vc_custom_1570862742765{padding-bottom: 20px !important;}\u00a0\u00bb][vc_row_inner el_class=\u00a0\u00bbcustomList\u00a0\u00bb][vc_column_inner width=\u00a0\u00bb1\/4&Prime;][\/vc_column_inner][vc_column_inner width=\u00a0\u00bb1\/4&Prime;][vc_column_text css_animation=\u00a0\u00bbfadeIn\u00a0\u00bb]<\/p>\n<ul>\n<li>Approche client<\/li>\n<li>Esprit d\u2019\u00e9quipe<\/li>\n<li>Excellence<\/li>\n<li>Responsabilit\u00e9<\/li>\n<\/ul>\n<p>[\/vc_column_text][\/vc_column_inner][vc_column_inner width=\u00a0\u00bb1\/4&Prime;][vc_column_text css_animation=\u00a0\u00bbfadeIn\u00a0\u00bb]<\/p>\n<ul>\n<li>Int\u00e9grit\u00e9<\/li>\n<li>Professionnalisme<\/li>\n<li>D\u00e9veloppement durable<\/li>\n<li>Respect de l\u2019environnement<\/li>\n<\/ul>\n<p>[\/vc_column_text][\/vc_column_inner][vc_column_inner width=\u00a0\u00bb1\/4&Prime;][\/vc_column_inner][\/vc_row_inner][vc_empty_space height=\u00a0\u00bb70px\u00a0\u00bb][\/vc_column][\/vc_row][vc_row full_width=\u00a0\u00bbstretch_row\u00a0\u00bb css=\u00a0\u00bb.vc_custom_1570607084475{background-color: #ffffff !important;}\u00a0\u00bb][vc_column][vc_row_inner][vc_column_inner]<header class=\"kd-section-title col-lg-12 text-center  kd-animated fadeIn ctAboutText  vc_custom_1570612627706\" data-animation-delay=200><h2 class=\"separator_off\" >Nos clients<\/h2><h6 class=\"subtitle \" >Nous offrons et commercialisons maintenant une vari\u00e9t\u00e9 de produits, y compris des produits bio et des produits naturels que nous distribuons dans de nouveaux r\u00e9seaux de distribution que nous avons d\u00e9velopp\u00e9s :<\/h6><\/header>[\/vc_column_inner][\/vc_row_inner][vc_column_text css_animation=\u00a0\u00bbfadeIn\u00a0\u00bb]<\/p>\n<ul>\n<li style=\"text-align: left;\">Les magasins d\u2019alimentation IGA, Rachelle-B\u00e9ry \u00e9piceries et boutiques sant\u00e9, les magasins d\u2019alimentation Metro, Indigo, Well.ca, Avril Supermarch\u00e9 Sant\u00e9, March\u00e9 Adonis, Aliments Bulk Barn Lt\u00e9e, Home Hardware Stores, Amazon.com, Amazon.ca, Doyon Despr\u00e9s, l\u2019 I.T.H.Q. Institut de Tourisme et d\u2019Hotellerie du Qu\u00e9bec.<\/li>\n<li style=\"text-align: left;\">De multiples magasins sp\u00e9cialis\u00e9s et ind\u00e9pendants.<\/li>\n<li style=\"text-align: left;\">Les r\u00e9seaux des pharmacies Uniprix, Familiprix et Jean Coutu.<\/li>\n<\/ul>\n<p>[\/vc_column_text][vc_row_inner css=\u00a0\u00bb.vc_custom_1570611861378{margin-right: 100px !important;margin-left: 100px !important;padding-top: 30px !important;}\u00a0\u00bb][vc_column_inner width=\u00a0\u00bb1\/6&Prime; css=\u00a0\u00bb.vc_custom_1513266911032{border-right-width: 1px !important;padding-top: 40px !important;padding-bottom: 40px !important;border-right-color: rgba(0,0,0,0.08) !important;border-right-style: solid !important;}\u00a0\u00bb][vc_single_image image=\u00a0\u00bb7630&Prime; img_size=\u00a0\u00bbfull\u00a0\u00bb alignment=\u00a0\u00bbcenter\u00a0\u00bb][\/vc_column_inner][vc_column_inner width=\u00a0\u00bb1\/6&Prime; css=\u00a0\u00bb.vc_custom_1513266915614{border-right-width: 1px !important;padding-top: 40px !important;padding-bottom: 40px !important;border-right-color: rgba(0,0,0,0.08) !important;border-right-style: solid !important;}\u00a0\u00bb][vc_single_image image=\u00a0\u00bb7620&Prime; img_size=\u00a0\u00bbfull\u00a0\u00bb alignment=\u00a0\u00bbcenter\u00a0\u00bb][\/vc_column_inner][vc_column_inner width=\u00a0\u00bb1\/6&Prime; css=\u00a0\u00bb.vc_custom_1570606793927{border-right-width: 1px !important;padding-top: 40px !important;padding-bottom: 40px !important;border-right-color: rgba(0,0,0,0.08) !important;border-right-style: solid !important;}\u00a0\u00bb][vc_single_image image=\u00a0\u00bb7613&Prime; img_size=\u00a0\u00bbfull\u00a0\u00bb alignment=\u00a0\u00bbcenter\u00a0\u00bb][\/vc_column_inner][vc_column_inner width=\u00a0\u00bb1\/6&Prime; css=\u00a0\u00bb.vc_custom_1570607946454{border-left-width: 1px !important;padding-top: 40px !important;padding-bottom: 40px !important;border-left-color: rgba(0,0,0,0.08) !important;border-left-style: solid !important;}\u00a0\u00bb][vc_single_image image=\u00a0\u00bb7618&Prime; img_size=\u00a0\u00bbfull\u00a0\u00bb alignment=\u00a0\u00bbcenter\u00a0\u00bb][\/vc_column_inner][vc_column_inner width=\u00a0\u00bb1\/6&Prime; css=\u00a0\u00bb.vc_custom_1570608566324{border-right-width: 1px !important;border-left-width: 1px !important;padding-top: 40px !important;padding-bottom: 40px !important;border-left-color: rgba(0,0,0,0.08) !important;border-left-style: solid !important;border-right-color: rgba(0,0,0,0.08) !important;border-right-style: solid !important;}\u00a0\u00bb][vc_single_image image=\u00a0\u00bb7609&Prime; img_size=\u00a0\u00bbfull\u00a0\u00bb alignment=\u00a0\u00bbcenter\u00a0\u00bb][\/vc_column_inner][vc_column_inner width=\u00a0\u00bb1\/6&Prime; css=\u00a0\u00bb.vc_custom_1570607955866{padding-top: 40px !important;padding-bottom: 40px !important;}\u00a0\u00bb][vc_single_image image=\u00a0\u00bb7610&Prime; img_size=\u00a0\u00bbfull\u00a0\u00bb alignment=\u00a0\u00bbcenter\u00a0\u00bb][\/vc_column_inner][\/vc_row_inner][vc_row_inner css=\u00a0\u00bb.vc_custom_1570607609462{margin-right: 100px !important;margin-left: 100px !important;border-top-width: 1px !important;border-top-color: rgba(10,10,10,0.07) !important;border-top-style: solid !important;}\u00a0\u00bb][vc_column_inner width=\u00a0\u00bb1\/6&Prime; css=\u00a0\u00bb.vc_custom_1513266931994{border-right-width: 1px !important;padding-top: 40px !important;padding-bottom: 40px !important;border-right-color: rgba(0,0,0,0.08) !important;border-right-style: solid !important;}\u00a0\u00bb][vc_single_image image=\u00a0\u00bb7611&Prime; img_size=\u00a0\u00bbfull\u00a0\u00bb alignment=\u00a0\u00bbcenter\u00a0\u00bb][\/vc_column_inner][vc_column_inner width=\u00a0\u00bb1\/6&Prime; css=\u00a0\u00bb.vc_custom_1513266936444{border-right-width: 1px !important;padding-top: 40px !important;padding-bottom: 40px !important;border-right-color: rgba(0,0,0,0.08) !important;border-right-style: solid !important;}\u00a0\u00bb][vc_single_image image=\u00a0\u00bb7623&Prime; img_size=\u00a0\u00bbfull\u00a0\u00bb alignment=\u00a0\u00bbcenter\u00a0\u00bb][\/vc_column_inner][vc_column_inner width=\u00a0\u00bb1\/6&Prime; css=\u00a0\u00bb.vc_custom_1570606800350{border-right-width: 1px !important;padding-top: 40px !important;padding-bottom: 40px !important;border-right-color: rgba(0,0,0,0.08) !important;border-right-style: solid !important;}\u00a0\u00bb][vc_single_image image=\u00a0\u00bb7631&Prime; img_size=\u00a0\u00bbfull\u00a0\u00bb alignment=\u00a0\u00bbcenter\u00a0\u00bb][\/vc_column_inner][vc_column_inner width=\u00a0\u00bb1\/6&Prime; css=\u00a0\u00bb.vc_custom_1570607984642{border-left-width: 1px !important;padding-top: 40px !important;padding-bottom: 40px !important;border-left-color: rgba(0,0,0,0.08) !important;border-left-style: solid !important;}\u00a0\u00bb][vc_single_image image=\u00a0\u00bb7621&Prime; img_size=\u00a0\u00bbfull\u00a0\u00bb alignment=\u00a0\u00bbcenter\u00a0\u00bb][\/vc_column_inner][vc_column_inner width=\u00a0\u00bb1\/6&Prime; css=\u00a0\u00bb.vc_custom_1570608574426{border-right-width: 1px !important;border-left-width: 1px !important;padding-top: 40px !important;padding-bottom: 40px !important;border-left-color: rgba(0,0,0,0.08) !important;border-left-style: solid !important;border-right-color: rgba(0,0,0,0.08) !important;border-right-style: solid !important;}\u00a0\u00bb][vc_single_image image=\u00a0\u00bb7617&Prime; img_size=\u00a0\u00bbfull\u00a0\u00bb alignment=\u00a0\u00bbcenter\u00a0\u00bb][\/vc_column_inner][vc_column_inner width=\u00a0\u00bb1\/6&Prime; css=\u00a0\u00bb.vc_custom_1570607966483{padding-top: 40px !important;padding-bottom: 40px !important;}\u00a0\u00bb][vc_single_image image=\u00a0\u00bb7622&Prime; img_size=\u00a0\u00bbfull\u00a0\u00bb alignment=\u00a0\u00bbcenter\u00a0\u00bb][\/vc_column_inner][\/vc_row_inner][vc_row_inner css=\u00a0\u00bb.vc_custom_1570607609462{margin-right: 100px !important;margin-left: 100px !important;border-top-width: 1px !important;border-top-color: rgba(10,10,10,0.07) !important;border-top-style: solid !important;}\u00a0\u00bb][vc_column_inner width=\u00a0\u00bb1\/6&Prime; css=\u00a0\u00bb.vc_custom_1513266931994{border-right-width: 1px !important;padding-top: 40px !important;padding-bottom: 40px !important;border-right-color: rgba(0,0,0,0.08) !important;border-right-style: solid !important;}\u00a0\u00bb][vc_single_image image=\u00a0\u00bb7619&Prime; img_size=\u00a0\u00bbfull\u00a0\u00bb alignment=\u00a0\u00bbcenter\u00a0\u00bb][\/vc_column_inner][vc_column_inner width=\u00a0\u00bb1\/6&Prime; css=\u00a0\u00bb.vc_custom_1513266936444{border-right-width: 1px !important;padding-top: 40px !important;padding-bottom: 40px !important;border-right-color: rgba(0,0,0,0.08) !important;border-right-style: solid !important;}\u00a0\u00bb][vc_single_image image=\u00a0\u00bb7629&Prime; img_size=\u00a0\u00bbfull\u00a0\u00bb alignment=\u00a0\u00bbcenter\u00a0\u00bb][\/vc_column_inner][vc_column_inner width=\u00a0\u00bb1\/6&Prime; css=\u00a0\u00bb.vc_custom_1570606800350{border-right-width: 1px !important;padding-top: 40px !important;padding-bottom: 40px !important;border-right-color: rgba(0,0,0,0.08) !important;border-right-style: solid !important;}\u00a0\u00bb][vc_single_image image=\u00a0\u00bb7615&Prime; img_size=\u00a0\u00bbfull\u00a0\u00bb alignment=\u00a0\u00bbcenter\u00a0\u00bb][\/vc_column_inner][vc_column_inner width=\u00a0\u00bb1\/6&Prime; css=\u00a0\u00bb.vc_custom_1570607984642{border-left-width: 1px !important;padding-top: 40px !important;padding-bottom: 40px !important;border-left-color: rgba(0,0,0,0.08) !important;border-left-style: solid !important;}\u00a0\u00bb][vc_single_image image=\u00a0\u00bb7626&Prime; img_size=\u00a0\u00bbfull\u00a0\u00bb alignment=\u00a0\u00bbcenter\u00a0\u00bb][\/vc_column_inner][vc_column_inner width=\u00a0\u00bb1\/6&Prime; css=\u00a0\u00bb.vc_custom_1570608580716{border-right-width: 1px !important;border-left-width: 1px !important;padding-top: 40px !important;padding-bottom: 40px !important;border-left-color: rgba(0,0,0,0.08) !important;border-left-style: solid !important;border-right-color: rgba(0,0,0,0.08) !important;border-right-style: solid !important;}\u00a0\u00bb][vc_single_image image=\u00a0\u00bb7628&Prime; img_size=\u00a0\u00bbfull\u00a0\u00bb alignment=\u00a0\u00bbcenter\u00a0\u00bb][\/vc_column_inner][vc_column_inner width=\u00a0\u00bb1\/6&Prime; css=\u00a0\u00bb.vc_custom_1570607966483{padding-top: 40px !important;padding-bottom: 40px !important;}\u00a0\u00bb][vc_single_image image=\u00a0\u00bb7614&Prime; img_size=\u00a0\u00bbfull\u00a0\u00bb alignment=\u00a0\u00bbcenter\u00a0\u00bb][\/vc_column_inner][\/vc_row_inner][vc_row_inner css=\u00a0\u00bb.vc_custom_1570607609462{margin-right: 100px !important;margin-left: 100px !important;border-top-width: 1px !important;border-top-color: rgba(10,10,10,0.07) !important;border-top-style: solid !important;}\u00a0\u00bb][vc_column_inner width=\u00a0\u00bb1\/6&Prime; css=\u00a0\u00bb.vc_custom_1513266931994{border-right-width: 1px !important;padding-top: 40px !important;padding-bottom: 40px !important;border-right-color: rgba(0,0,0,0.08) !important;border-right-style: solid !important;}\u00a0\u00bb][vc_single_image image=\u00a0\u00bb7624&Prime; img_size=\u00a0\u00bbfull\u00a0\u00bb alignment=\u00a0\u00bbcenter\u00a0\u00bb][\/vc_column_inner][vc_column_inner width=\u00a0\u00bb1\/6&Prime; css=\u00a0\u00bb.vc_custom_1513266936444{border-right-width: 1px !important;padding-top: 40px !important;padding-bottom: 40px !important;border-right-color: rgba(0,0,0,0.08) !important;border-right-style: solid !important;}\u00a0\u00bb][vc_single_image image=\u00a0\u00bb7625&Prime; img_size=\u00a0\u00bbfull\u00a0\u00bb alignment=\u00a0\u00bbcenter\u00a0\u00bb][\/vc_column_inner][vc_column_inner width=\u00a0\u00bb1\/6&Prime; css=\u00a0\u00bb.vc_custom_1570606800350{border-right-width: 1px !important;padding-top: 40px !important;padding-bottom: 40px !important;border-right-color: rgba(0,0,0,0.08) !important;border-right-style: solid !important;}\u00a0\u00bb][vc_single_image image=\u00a0\u00bb7616&Prime; img_size=\u00a0\u00bbfull\u00a0\u00bb alignment=\u00a0\u00bbcenter\u00a0\u00bb][\/vc_column_inner][vc_column_inner width=\u00a0\u00bb1\/6&Prime; css=\u00a0\u00bb.vc_custom_1570607984642{border-left-width: 1px !important;padding-top: 40px !important;padding-bottom: 40px !important;border-left-color: rgba(0,0,0,0.08) !important;border-left-style: solid !important;}\u00a0\u00bb][vc_single_image image=\u00a0\u00bb7612&Prime; img_size=\u00a0\u00bbfull\u00a0\u00bb alignment=\u00a0\u00bbcenter\u00a0\u00bb][\/vc_column_inner][vc_column_inner width=\u00a0\u00bb1\/6&Prime; css=\u00a0\u00bb.vc_custom_1570608770608{border-left-width: 1px !important;padding-top: 40px !important;padding-bottom: 40px !important;border-left-color: rgba(0,0,0,0.08) !important;border-left-style: solid !important;}\u00a0\u00bb][vc_single_image image=\u00a0\u00bb7627&Prime; img_size=\u00a0\u00bbfull\u00a0\u00bb alignment=\u00a0\u00bbcenter\u00a0\u00bb][\/vc_column_inner][vc_column_inner width=\u00a0\u00bb1\/6&Prime; css=\u00a0\u00bb.vc_custom_1571160634139{border-left-width: 1px !important;padding-top: 20px !important;padding-bottom: 40px !important;border-left-color: rgba(0,0,0,0.08) !important;border-left-style: solid !important;}\u00a0\u00bb][vc_single_image image=\u00a0\u00bb7871&Prime; img_size=\u00a0\u00bb194&#215;66&Prime; alignment=\u00a0\u00bbcenter\u00a0\u00bb][\/vc_column_inner][\/vc_row_inner][vc_row_inner css=\u00a0\u00bb.vc_custom_1570607609462{margin-right: 100px !important;margin-left: 100px !important;border-top-width: 1px !important;border-top-color: rgba(10,10,10,0.07) !important;border-top-style: solid !important;}\u00a0\u00bb][vc_column_inner width=\u00a0\u00bb1\/6&Prime; css=\u00a0\u00bb.vc_custom_1513266931994{border-right-width: 1px !important;padding-top: 40px !important;padding-bottom: 40px !important;border-right-color: rgba(0,0,0,0.08) !important;border-right-style: solid !important;}\u00a0\u00bb][vc_single_image image=\u00a0\u00bb8164&Prime; img_size=\u00a0\u00bb194&#215;66&Prime; alignment=\u00a0\u00bbcenter\u00a0\u00bb][\/vc_column_inner][vc_column_inner width=\u00a0\u00bb1\/6&Prime; css=\u00a0\u00bb.vc_custom_1513266936444{border-right-width: 1px !important;padding-top: 40px !important;padding-bottom: 40px !important;border-right-color: rgba(0,0,0,0.08) !important;border-right-style: solid !important;}\u00a0\u00bb][vc_single_image image=\u00a0\u00bb8162&Prime; img_size=\u00a0\u00bb194&#215;66&Prime; alignment=\u00a0\u00bbcenter\u00a0\u00bb][\/vc_column_inner][vc_column_inner width=\u00a0\u00bb1\/6&Prime; css=\u00a0\u00bb.vc_custom_1570606800350{border-right-width: 1px !important;padding-top: 40px !important;padding-bottom: 40px !important;border-right-color: rgba(0,0,0,0.08) !important;border-right-style: solid !important;}\u00a0\u00bb][vc_single_image image=\u00a0\u00bb8160&Prime; img_size=\u00a0\u00bb194&#215;66&Prime; alignment=\u00a0\u00bbcenter\u00a0\u00bb][\/vc_column_inner][vc_column_inner width=\u00a0\u00bb1\/6&Prime; css=\u00a0\u00bb.vc_custom_1570607984642{border-left-width: 1px !important;padding-top: 40px !important;padding-bottom: 40px !important;border-left-color: rgba(0,0,0,0.08) !important;border-left-style: solid !important;}\u00a0\u00bb][vc_single_image image=\u00a0\u00bb8158&Prime; img_size=\u00a0\u00bb194&#215;66&Prime; alignment=\u00a0\u00bbcenter\u00a0\u00bb][\/vc_column_inner][vc_column_inner width=\u00a0\u00bb1\/6&Prime; css=\u00a0\u00bb.vc_custom_1570608770608{border-left-width: 1px !important;padding-top: 40px !important;padding-bottom: 40px !important;border-left-color: rgba(0,0,0,0.08) !important;border-left-style: solid !important;}\u00a0\u00bb][\/vc_column_inner][vc_column_inner width=\u00a0\u00bb1\/6&Prime; css=\u00a0\u00bb.vc_custom_1571160634139{border-left-width: 1px !important;padding-top: 20px !important;padding-bottom: 40px !important;border-left-color: rgba(0,0,0,0.08) !important;border-left-style: solid !important;}\u00a0\u00bb][\/vc_column_inner][\/vc_row_inner][vc_row_inner][vc_column_inner][\/vc_column_inner][\/vc_row_inner][\/vc_column][\/vc_row][vc_row full_width=\u00a0\u00bbstretch_row_content_no_spaces\u00a0\u00bb kd_bottom_separator_style=\u00a0\u00bbrounded-down\u00a0\u00bb kd_bottom_separator_height=\u00a0\u00bbseparator-height-medium\u00a0\u00bb kd_bottom_separator=\u00a0\u00bbtrue\u00a0\u00bb css=\u00a0\u00bb.vc_custom_1570611937474{padding-top: 55px !important;padding-bottom: 40px !important;background-color: #ffffff !important;background-position: 0 0 !important;background-repeat: no-repeat !important;}\u00a0\u00bb el_class=\u00a0\u00bbbackground-right\u00a0\u00bb kd_bottom_separator_bg=\u00a0\u00bb#f3f3f3&Prime;][vc_column css=\u00a0\u00bb.vc_custom_1516029195606{padding-right: 0px !important;padding-left: 0px !important;}\u00a0\u00bb][\/vc_column][\/vc_row][vc_row full_width=\u00a0\u00bbstretch_row\u00a0\u00bb css=\u00a0\u00bb.vc_custom_1570620543182{background-color: #f3f3f3 !important;}\u00a0\u00bb][vc_column css=\u00a0\u00bb.vc_custom_1516095762744{padding-right: 0px !important;padding-left: 0px !important;}\u00a0\u00bb][vc_row_inner css=\u00a0\u00bb.vc_custom_1551194508197{padding-top: 100px !important;padding-bottom: 73px !important;}\u00a0\u00bb][vc_column_inner width=\u00a0\u00bb1\/2&Prime; css=\u00a0\u00bb.vc_custom_1570622235464{padding-right: 70px !important;padding-left: 100px !important;}\u00a0\u00bb][vc_custom_heading text=\u00a0\u00bb87 rue \u00c9milien Marcoux, Bureau 109 Blainville (Qu\u00e9bec) J7C 0B4&Prime; font_container=\u00a0\u00bbtag:h3|font_size:28px|text_align:left\u00a0\u00bb use_theme_fonts=\u00a0\u00bbyes\u00a0\u00bb css_animation=\u00a0\u00bbfadeIn\u00a0\u00bb][vc_custom_heading text=\u00a0\u00bbEmail: infos@pmd-solutionsplus.com\u00a0\u00bb font_container=\u00a0\u00bbtag:h5|text_align:left\u00a0\u00bb use_theme_fonts=\u00a0\u00bbyes\u00a0\u00bb css_animation=\u00a0\u00bbfadeIn\u00a0\u00bb css=\u00a0\u00bb.vc_custom_1588194714339{margin-bottom: 5px !important;}\u00a0\u00bb link=\u00a0\u00bburl:mailto%3Ainfos%40pmd-solutionsplus.com|||\u00a0\u00bb][vc_custom_heading text=\u00a0\u00bbPhone: + 450-971-0276&Prime; font_container=\u00a0\u00bbtag:h5|text_align:left\u00a0\u00bb use_theme_fonts=\u00a0\u00bbyes\u00a0\u00bb css_animation=\u00a0\u00bbfadeIn\u00a0\u00bb css=\u00a0\u00bb.vc_custom_1570621358347{margin-bottom: 5px !important;}\u00a0\u00bb link=\u00a0\u00bburl:tel%3A%2B1450-971-0276|||\u00a0\u00bb][vc_custom_heading text=\u00a0\u00bbFax : 450-971-5985&Prime; font_container=\u00a0\u00bbtag:h5|text_align:left\u00a0\u00bb use_theme_fonts=\u00a0\u00bbyes\u00a0\u00bb css_animation=\u00a0\u00bbfadeIn\u00a0\u00bb][vc_custom_heading text=\u00a0\u00bbAppelez-nous \u00e0 tout moment. Nous nous effor\u00e7ons de r\u00e9pondre \u00e0 toutes les demandes dans les 24 heures, jours ouvrables.\u00a0\u00bb font_container=\u00a0\u00bbtag:h6|text_align:left\u00a0\u00bb use_theme_fonts=\u00a0\u00bbyes\u00a0\u00bb css_animation=\u00a0\u00bbfadeIn\u00a0\u00bb][\/vc_column_inner][vc_column_inner width=\u00a0\u00bb1\/2&Prime; css=\u00a0\u00bb.vc_custom_1515497653772{padding-right: 80px !important;padding-left: 50px !important;}\u00a0\u00bb]<div class=\"kd-contact-form full-width-cf white-input-bg\" ><div role=\"form\" class=\"wpcf7\" id=\"wpcf7-f7848-o1\" lang=\"en-US\" dir=\"ltr\">\n<div class=\"screen-reader-response\"><\/div>\n<form action=\"\/psp\/wp-json\/wp\/v2\/pages\/7801#wpcf7-f7848-o1\" method=\"post\" class=\"wpcf7-form\" novalidate=\"novalidate\">\n<div style=\"display: none;\">\n<input type=\"hidden\" name=\"_wpcf7\" value=\"7848\" \/>\n<input type=\"hidden\" name=\"_wpcf7_version\" value=\"5.1.6\" \/>\n<input type=\"hidden\" name=\"_wpcf7_locale\" value=\"en_US\" \/>\n<input type=\"hidden\" name=\"_wpcf7_unit_tag\" value=\"wpcf7-f7848-o1\" \/>\n<input type=\"hidden\" name=\"_wpcf7_container_post\" value=\"0\" \/>\n<\/div>\n<p><span class=\"wpcf7-form-control-wrap your-name\"><input type=\"text\" name=\"your-name\" value=\"\" size=\"40\" class=\"wpcf7-form-control wpcf7-text wpcf7-validates-as-required\" aria-required=\"true\" aria-invalid=\"false\" placeholder=\"Votre nom\" \/><\/span><br \/>\n<span class=\"wpcf7-form-control-wrap your-email\"><input type=\"email\" name=\"your-email\" value=\"\" size=\"40\" class=\"wpcf7-form-control wpcf7-text wpcf7-email wpcf7-validates-as-required wpcf7-validates-as-email\" aria-required=\"true\" aria-invalid=\"false\" placeholder=\"Votre email\" \/><\/span><br \/>\n<span class=\"wpcf7-form-control-wrap subjects\"><input type=\"text\" name=\"subjects\" value=\"\" size=\"40\" class=\"wpcf7-form-control wpcf7-text wpcf7-validates-as-required\" aria-required=\"true\" aria-invalid=\"false\" placeholder=\"Mati\u00e8re\" \/><\/span><br \/>\n<span class=\"wpcf7-form-control-wrap your-message\"><textarea name=\"your-message\" cols=\"40\" rows=\"10\" class=\"wpcf7-form-control wpcf7-textarea\" aria-invalid=\"false\" placeholder=\"Votre message\"><\/textarea><\/span><br \/>\n<input type=\"submit\" value=\"Envoyer le message\" class=\"wpcf7-form-control wpcf7-submit\" \/><\/p>\n<div class=\"wpcf7-response-output wpcf7-display-none\"><\/div><\/form><\/div><\/div>[\/vc_column_inner][\/vc_row_inner][\/vc_column][\/vc_row]<\/p>\n","protected":false},"excerpt":{"rendered":"<p>[vc_row full_width=\u00a0\u00bbstretch_row\u00a0\u00bb kd_bottom_separator_style=\u00a0\u00bbrounded-down\u00a0\u00bb kd_bottom_separator_height=\u00a0\u00bbseparator-height-medium\u00a0\u00bb kd_bottom_separator=\u00a0\u00bbtrue\u00a0\u00bb kd_bottom_separator_bg=\u00a0\u00bb#f3f3f3&Prime;][vc_column][rev_slider_vc alias=\u00a0\u00bbconsulting-slider\u00a0\u00bb][\/vc_column][\/vc_row][vc_row css=\u00a0\u00bb.vc_custom_1570604719314{padding-top: 0px !important;}\u00a0\u00bb][vc_column css=\u00a0\u00bb.vc_custom_1515687105834{padding-right: 0px !important;padding-left: 0px !important;}\u00a0\u00bb][vc_row_inner [&hellip;]<\/p>\n","protected":false},"author":1,"featured_media":0,"parent":0,"menu_order":0,"comment_status":"closed","ping_status":"closed","template":"","meta":{"footnotes":""},"_links":{"self":[{"href":"http:\/\/pmd-solutionsplus.com\/psp\/wp-json\/wp\/v2\/pages\/7801"}],"collection":[{"href":"http:\/\/pmd-solutionsplus.com\/psp\/wp-json\/wp\/v2\/pages"}],"about":[{"href":"http:\/\/pmd-solutionsplus.com\/psp\/wp-json\/wp\/v2\/types\/page"}],"author":[{"embeddable":true,"href":"http:\/\/pmd-solutionsplus.com\/psp\/wp-json\/wp\/v2\/users\/1"}],"replies":[{"embeddable":true,"href":"http:\/\/pmd-solutionsplus.com\/psp\/wp-json\/wp\/v2\/comments?post=7801"}],"version-history":[{"count":20,"href":"http:\/\/pmd-solutionsplus.com\/psp\/wp-json\/wp\/v2\/pages\/7801\/revisions"}],"predecessor-version":[{"id":8167,"href":"http:\/\/pmd-solutionsplus.com\/psp\/wp-json\/wp\/v2\/pages\/7801\/revisions\/8167"}],"wp:attachment":[{"href":"http:\/\/pmd-solutionsplus.com\/psp\/wp-json\/wp\/v2\/media?parent=7801"}],"curies":[{"name":"wp","href":"https:\/\/api.w.org\/{rel}","templated":true}]}}