{"id":7829,"date":"2019-10-09T13:47:47","date_gmt":"2019-10-09T13:47:47","guid":{"rendered":"http:\/\/pmd-solutionsplus.com\/psp\/produits\/"},"modified":"2019-10-15T21:02:45","modified_gmt":"2019-10-15T21:02:45","slug":"produits","status":"publish","type":"page","link":"http:\/\/pmd-solutionsplus.com\/psp\/produits\/","title":{"rendered":"Produits Distribu\u00e9s"},"content":{"rendered":"<p>[vc_row full_width=\u00a0\u00bbstretch_row\u00a0\u00bb css=\u00a0\u00bb.vc_custom_1556024212731{border-top-width: 1px !important;border-bottom-width: 1px !important;border-top-color: #eaeaea !important;border-top-style: solid !important;border-bottom-color: #eaeaea !important;border-bottom-style: solid !important;}\u00a0\u00bb][vc_column][vc_basic_grid post_type=\u00a0\u00bbpost\u00a0\u00bb max_items=\u00a0\u00bb-1&Prime; item=\u00a0\u00bb3729&Prime; grid_id=\u00a0\u00bbvc_gid:1571173355277-9457f1bf-b218-2&Prime;][vc_empty_space height=\u00a0\u00bb35px\u00a0\u00bb][\/vc_column][\/vc_row][vc_row full_width=\u00a0\u00bbstretch_row\u00a0\u00bb css=\u00a0\u00bb.vc_custom_1570607084475{background-color: #ffffff !important;}\u00a0\u00bb][vc_column][vc_row_inner][vc_column_inner]<header class=\"kd-section-title col-lg-12 text-center  kd-animated fadeIn ctAboutText  vc_custom_1570612627706\" data-animation-delay=200><h2 class=\"separator_off\" >Nos clients<\/h2><h6 class=\"subtitle \" >Nous offrons et commercialisons maintenant une vari\u00e9t\u00e9 de produits, y compris des produits bio et des produits naturels que nous distribuons dans de nouveaux r\u00e9seaux de distribution que nous avons d\u00e9velopp\u00e9s :<\/h6><\/header>[\/vc_column_inner][\/vc_row_inner][vc_row_inner css=\u00a0\u00bb.vc_custom_1570611861378{margin-right: 100px !important;margin-left: 100px !important;padding-top: 30px !important;}\u00a0\u00bb][vc_column_inner width=\u00a0\u00bb1\/6&Prime; css=\u00a0\u00bb.vc_custom_1513266911032{border-right-width: 1px !important;padding-top: 40px !important;padding-bottom: 40px !important;border-right-color: rgba(0,0,0,0.08) !important;border-right-style: solid !important;}\u00a0\u00bb][vc_single_image image=\u00a0\u00bb7630&Prime; img_size=\u00a0\u00bbfull\u00a0\u00bb alignment=\u00a0\u00bbcenter\u00a0\u00bb][\/vc_column_inner][vc_column_inner width=\u00a0\u00bb1\/6&Prime; css=\u00a0\u00bb.vc_custom_1513266915614{border-right-width: 1px !important;padding-top: 40px !important;padding-bottom: 40px !important;border-right-color: rgba(0,0,0,0.08) !important;border-right-style: solid !important;}\u00a0\u00bb][vc_single_image image=\u00a0\u00bb7620&Prime; img_size=\u00a0\u00bbfull\u00a0\u00bb alignment=\u00a0\u00bbcenter\u00a0\u00bb][\/vc_column_inner][vc_column_inner width=\u00a0\u00bb1\/6&Prime; css=\u00a0\u00bb.vc_custom_1570606793927{border-right-width: 1px !important;padding-top: 40px !important;padding-bottom: 40px !important;border-right-color: rgba(0,0,0,0.08) !important;border-right-style: solid !important;}\u00a0\u00bb][vc_single_image image=\u00a0\u00bb7613&Prime; img_size=\u00a0\u00bbfull\u00a0\u00bb alignment=\u00a0\u00bbcenter\u00a0\u00bb][\/vc_column_inner][vc_column_inner width=\u00a0\u00bb1\/6&Prime; css=\u00a0\u00bb.vc_custom_1570607946454{border-left-width: 1px !important;padding-top: 40px !important;padding-bottom: 40px !important;border-left-color: rgba(0,0,0,0.08) !important;border-left-style: solid !important;}\u00a0\u00bb][vc_single_image image=\u00a0\u00bb7618&Prime; img_size=\u00a0\u00bbfull\u00a0\u00bb alignment=\u00a0\u00bbcenter\u00a0\u00bb][\/vc_column_inner][vc_column_inner width=\u00a0\u00bb1\/6&Prime; css=\u00a0\u00bb.vc_custom_1570608566324{border-right-width: 1px !important;border-left-width: 1px !important;padding-top: 40px !important;padding-bottom: 40px !important;border-left-color: rgba(0,0,0,0.08) !important;border-left-style: solid !important;border-right-color: rgba(0,0,0,0.08) !important;border-right-style: solid !important;}\u00a0\u00bb][vc_single_image image=\u00a0\u00bb7609&Prime; img_size=\u00a0\u00bbfull\u00a0\u00bb alignment=\u00a0\u00bbcenter\u00a0\u00bb][\/vc_column_inner][vc_column_inner width=\u00a0\u00bb1\/6&Prime; css=\u00a0\u00bb.vc_custom_1570607955866{padding-top: 40px !important;padding-bottom: 40px !important;}\u00a0\u00bb][vc_single_image image=\u00a0\u00bb7610&Prime; img_size=\u00a0\u00bbfull\u00a0\u00bb alignment=\u00a0\u00bbcenter\u00a0\u00bb][\/vc_column_inner][\/vc_row_inner][vc_row_inner css=\u00a0\u00bb.vc_custom_1570607609462{margin-right: 100px !important;margin-left: 100px !important;border-top-width: 1px !important;border-top-color: rgba(10,10,10,0.07) !important;border-top-style: solid !important;}\u00a0\u00bb][vc_column_inner width=\u00a0\u00bb1\/6&Prime; css=\u00a0\u00bb.vc_custom_1513266931994{border-right-width: 1px !important;padding-top: 40px !important;padding-bottom: 40px !important;border-right-color: rgba(0,0,0,0.08) !important;border-right-style: solid !important;}\u00a0\u00bb][vc_single_image image=\u00a0\u00bb7611&Prime; img_size=\u00a0\u00bbfull\u00a0\u00bb alignment=\u00a0\u00bbcenter\u00a0\u00bb][\/vc_column_inner][vc_column_inner width=\u00a0\u00bb1\/6&Prime; css=\u00a0\u00bb.vc_custom_1513266936444{border-right-width: 1px !important;padding-top: 40px !important;padding-bottom: 40px !important;border-right-color: rgba(0,0,0,0.08) !important;border-right-style: solid !important;}\u00a0\u00bb][vc_single_image image=\u00a0\u00bb7623&Prime; img_size=\u00a0\u00bbfull\u00a0\u00bb alignment=\u00a0\u00bbcenter\u00a0\u00bb][\/vc_column_inner][vc_column_inner width=\u00a0\u00bb1\/6&Prime; css=\u00a0\u00bb.vc_custom_1570606800350{border-right-width: 1px !important;padding-top: 40px !important;padding-bottom: 40px !important;border-right-color: rgba(0,0,0,0.08) !important;border-right-style: solid !important;}\u00a0\u00bb][vc_single_image image=\u00a0\u00bb7631&Prime; img_size=\u00a0\u00bbfull\u00a0\u00bb alignment=\u00a0\u00bbcenter\u00a0\u00bb][\/vc_column_inner][vc_column_inner width=\u00a0\u00bb1\/6&Prime; css=\u00a0\u00bb.vc_custom_1570607984642{border-left-width: 1px !important;padding-top: 40px !important;padding-bottom: 40px !important;border-left-color: rgba(0,0,0,0.08) !important;border-left-style: solid !important;}\u00a0\u00bb][vc_single_image image=\u00a0\u00bb7621&Prime; img_size=\u00a0\u00bbfull\u00a0\u00bb alignment=\u00a0\u00bbcenter\u00a0\u00bb][\/vc_column_inner][vc_column_inner width=\u00a0\u00bb1\/6&Prime; css=\u00a0\u00bb.vc_custom_1570608574426{border-right-width: 1px !important;border-left-width: 1px !important;padding-top: 40px !important;padding-bottom: 40px !important;border-left-color: rgba(0,0,0,0.08) !important;border-left-style: solid !important;border-right-color: rgba(0,0,0,0.08) !important;border-right-style: solid !important;}\u00a0\u00bb][vc_single_image image=\u00a0\u00bb7617&Prime; img_size=\u00a0\u00bbfull\u00a0\u00bb alignment=\u00a0\u00bbcenter\u00a0\u00bb][\/vc_column_inner][vc_column_inner width=\u00a0\u00bb1\/6&Prime; css=\u00a0\u00bb.vc_custom_1570607966483{padding-top: 40px !important;padding-bottom: 40px !important;}\u00a0\u00bb][vc_single_image image=\u00a0\u00bb7622&Prime; img_size=\u00a0\u00bbfull\u00a0\u00bb alignment=\u00a0\u00bbcenter\u00a0\u00bb][\/vc_column_inner][\/vc_row_inner][vc_row_inner css=\u00a0\u00bb.vc_custom_1570607609462{margin-right: 100px !important;margin-left: 100px !important;border-top-width: 1px !important;border-top-color: rgba(10,10,10,0.07) !important;border-top-style: solid !important;}\u00a0\u00bb][vc_column_inner width=\u00a0\u00bb1\/6&Prime; css=\u00a0\u00bb.vc_custom_1513266931994{border-right-width: 1px !important;padding-top: 40px !important;padding-bottom: 40px !important;border-right-color: rgba(0,0,0,0.08) !important;border-right-style: solid !important;}\u00a0\u00bb][vc_single_image image=\u00a0\u00bb7619&Prime; img_size=\u00a0\u00bbfull\u00a0\u00bb alignment=\u00a0\u00bbcenter\u00a0\u00bb][\/vc_column_inner][vc_column_inner width=\u00a0\u00bb1\/6&Prime; css=\u00a0\u00bb.vc_custom_1513266936444{border-right-width: 1px !important;padding-top: 40px !important;padding-bottom: 40px !important;border-right-color: rgba(0,0,0,0.08) !important;border-right-style: solid !important;}\u00a0\u00bb][vc_single_image image=\u00a0\u00bb7629&Prime; img_size=\u00a0\u00bbfull\u00a0\u00bb alignment=\u00a0\u00bbcenter\u00a0\u00bb][\/vc_column_inner][vc_column_inner width=\u00a0\u00bb1\/6&Prime; css=\u00a0\u00bb.vc_custom_1570606800350{border-right-width: 1px !important;padding-top: 40px !important;padding-bottom: 40px !important;border-right-color: rgba(0,0,0,0.08) !important;border-right-style: solid !important;}\u00a0\u00bb][vc_single_image image=\u00a0\u00bb7615&Prime; img_size=\u00a0\u00bbfull\u00a0\u00bb alignment=\u00a0\u00bbcenter\u00a0\u00bb][\/vc_column_inner][vc_column_inner width=\u00a0\u00bb1\/6&Prime; css=\u00a0\u00bb.vc_custom_1570607984642{border-left-width: 1px !important;padding-top: 40px !important;padding-bottom: 40px !important;border-left-color: rgba(0,0,0,0.08) !important;border-left-style: solid !important;}\u00a0\u00bb][vc_single_image image=\u00a0\u00bb7626&Prime; img_size=\u00a0\u00bbfull\u00a0\u00bb alignment=\u00a0\u00bbcenter\u00a0\u00bb][\/vc_column_inner][vc_column_inner width=\u00a0\u00bb1\/6&Prime; css=\u00a0\u00bb.vc_custom_1570608580716{border-right-width: 1px !important;border-left-width: 1px !important;padding-top: 40px !important;padding-bottom: 40px !important;border-left-color: rgba(0,0,0,0.08) !important;border-left-style: solid !important;border-right-color: rgba(0,0,0,0.08) !important;border-right-style: solid !important;}\u00a0\u00bb][vc_single_image image=\u00a0\u00bb7628&Prime; img_size=\u00a0\u00bbfull\u00a0\u00bb alignment=\u00a0\u00bbcenter\u00a0\u00bb][\/vc_column_inner][vc_column_inner width=\u00a0\u00bb1\/6&Prime; css=\u00a0\u00bb.vc_custom_1570607966483{padding-top: 40px !important;padding-bottom: 40px !important;}\u00a0\u00bb][vc_single_image image=\u00a0\u00bb7614&Prime; img_size=\u00a0\u00bbfull\u00a0\u00bb alignment=\u00a0\u00bbcenter\u00a0\u00bb][\/vc_column_inner][\/vc_row_inner][vc_row_inner css=\u00a0\u00bb.vc_custom_1570607609462{margin-right: 100px !important;margin-left: 100px !important;border-top-width: 1px !important;border-top-color: rgba(10,10,10,0.07) !important;border-top-style: solid !important;}\u00a0\u00bb][vc_column_inner width=\u00a0\u00bb1\/6&Prime; css=\u00a0\u00bb.vc_custom_1513266931994{border-right-width: 1px !important;padding-top: 40px !important;padding-bottom: 40px !important;border-right-color: rgba(0,0,0,0.08) !important;border-right-style: solid !important;}\u00a0\u00bb][vc_single_image image=\u00a0\u00bb7624&Prime; img_size=\u00a0\u00bbfull\u00a0\u00bb alignment=\u00a0\u00bbcenter\u00a0\u00bb][\/vc_column_inner][vc_column_inner width=\u00a0\u00bb1\/6&Prime; css=\u00a0\u00bb.vc_custom_1513266936444{border-right-width: 1px !important;padding-top: 40px !important;padding-bottom: 40px !important;border-right-color: rgba(0,0,0,0.08) !important;border-right-style: solid !important;}\u00a0\u00bb][vc_single_image image=\u00a0\u00bb7625&Prime; img_size=\u00a0\u00bbfull\u00a0\u00bb alignment=\u00a0\u00bbcenter\u00a0\u00bb][\/vc_column_inner][vc_column_inner width=\u00a0\u00bb1\/6&Prime; css=\u00a0\u00bb.vc_custom_1570606800350{border-right-width: 1px !important;padding-top: 40px !important;padding-bottom: 40px !important;border-right-color: rgba(0,0,0,0.08) !important;border-right-style: solid !important;}\u00a0\u00bb][vc_single_image image=\u00a0\u00bb7616&Prime; img_size=\u00a0\u00bbfull\u00a0\u00bb alignment=\u00a0\u00bbcenter\u00a0\u00bb][\/vc_column_inner][vc_column_inner width=\u00a0\u00bb1\/6&Prime; css=\u00a0\u00bb.vc_custom_1570607984642{border-left-width: 1px !important;padding-top: 40px !important;padding-bottom: 40px !important;border-left-color: rgba(0,0,0,0.08) !important;border-left-style: solid !important;}\u00a0\u00bb][vc_single_image image=\u00a0\u00bb7612&Prime; img_size=\u00a0\u00bbfull\u00a0\u00bb alignment=\u00a0\u00bbcenter\u00a0\u00bb][\/vc_column_inner][vc_column_inner width=\u00a0\u00bb1\/6&Prime; css=\u00a0\u00bb.vc_custom_1570608770608{border-left-width: 1px !important;padding-top: 40px !important;padding-bottom: 40px !important;border-left-color: rgba(0,0,0,0.08) !important;border-left-style: solid !important;}\u00a0\u00bb][vc_single_image image=\u00a0\u00bb7627&Prime; img_size=\u00a0\u00bbfull\u00a0\u00bb alignment=\u00a0\u00bbcenter\u00a0\u00bb][\/vc_column_inner][vc_column_inner width=\u00a0\u00bb1\/6&Prime; css=\u00a0\u00bb.vc_custom_1571160634139{border-left-width: 1px !important;padding-top: 20px !important;padding-bottom: 40px !important;border-left-color: rgba(0,0,0,0.08) !important;border-left-style: solid !important;}\u00a0\u00bb][vc_single_image image=\u00a0\u00bb7871&Prime; img_size=\u00a0\u00bbfull\u00a0\u00bb alignment=\u00a0\u00bbcenter\u00a0\u00bb][\/vc_column_inner][\/vc_row_inner][\/vc_column][\/vc_row][vc_row full_width=\u00a0\u00bbstretch_row\u00a0\u00bb][vc_column][vc_row_inner css=\u00a0\u00bb.vc_custom_1555684681204{padding-bottom: 100px !important;}\u00a0\u00bb][vc_column_inner width=\u00a0\u00bb1\/6&Prime;][\/vc_column_inner][vc_column_inner width=\u00a0\u00bb2\/3&Prime;]<header class=\"kd-section-title col-lg-12 text-center  kd-animated fadeIn  \" data-animation-delay=200><h2 class=\"separator_off\" >Int\u00e9ress\u00e9? Entrons en contact!<\/h2><h6 class=\"subtitle \" >PMD Solutions Plus a pour mission de fournir des produits de qualit\u00e9 r\u00e9pondant aux attentes des clients et offrant des normes environnementales de haute qualit\u00e9.<\/h6><\/header>[vc_empty_space height=\u00a0\u00bb15px\u00a0\u00bb]<a style=\"width: 300px;\" href=\"http:\/\/dev-website.xyz\/pmd\/contact-us\/?lang=fr\"  target=\"_self\"  title=\"\" class=\"tt_button tt_primary_button btn_primary_color  button-center  kd-animated zoomIn\" data-animation-delay=200><span class=\"prim_text\">Commencer<\/span><\/a>[\/vc_column_inner][vc_column_inner width=\u00a0\u00bb1\/6&Prime;][\/vc_column_inner][\/vc_row_inner][\/vc_column][\/vc_row]<\/p>\n","protected":false},"excerpt":{"rendered":"<p>[vc_row full_width=\u00a0\u00bbstretch_row\u00a0\u00bb css=\u00a0\u00bb.vc_custom_1556024212731{border-top-width: 1px !important;border-bottom-width: 1px !important;border-top-color: #eaeaea !important;border-top-style: solid !important;border-bottom-color: #eaeaea !important;border-bottom-style: solid !important;}\u00a0\u00bb][vc_column][vc_basic_grid [&hellip;]<\/p>\n","protected":false},"author":1,"featured_media":0,"parent":0,"menu_order":0,"comment_status":"closed","ping_status":"closed","template":"","meta":{"footnotes":""},"_links":{"self":[{"href":"http:\/\/pmd-solutionsplus.com\/psp\/wp-json\/wp\/v2\/pages\/7829"}],"collection":[{"href":"http:\/\/pmd-solutionsplus.com\/psp\/wp-json\/wp\/v2\/pages"}],"about":[{"href":"http:\/\/pmd-solutionsplus.com\/psp\/wp-json\/wp\/v2\/types\/page"}],"author":[{"embeddable":true,"href":"http:\/\/pmd-solutionsplus.com\/psp\/wp-json\/wp\/v2\/users\/1"}],"replies":[{"embeddable":true,"href":"http:\/\/pmd-solutionsplus.com\/psp\/wp-json\/wp\/v2\/comments?post=7829"}],"version-history":[{"count":7,"href":"http:\/\/pmd-solutionsplus.com\/psp\/wp-json\/wp\/v2\/pages\/7829\/revisions"}],"predecessor-version":[{"id":7831,"href":"http:\/\/pmd-solutionsplus.com\/psp\/wp-json\/wp\/v2\/pages\/7829\/revisions\/7831"}],"wp:attachment":[{"href":"http:\/\/pmd-solutionsplus.com\/psp\/wp-json\/wp\/v2\/media?parent=7829"}],"curies":[{"name":"wp","href":"https:\/\/api.w.org\/{rel}","templated":true}]}}