{"id":7833,"date":"2018-10-22T13:48:34","date_gmt":"2018-10-22T13:48:34","guid":{"rendered":"http:\/\/pmd-solutionsplus.com\/psp\/contact-us\/"},"modified":"2019-10-12T07:19:01","modified_gmt":"2019-10-12T07:19:01","slug":"contact-us","status":"publish","type":"page","link":"http:\/\/pmd-solutionsplus.com\/psp\/contact-us\/","title":{"rendered":"Contactez-nous"},"content":{"rendered":"<p>[vc_row full_width=\u00a0\u00bbstretch_row\u00a0\u00bb][vc_column css=\u00a0\u00bb.vc_custom_1516095762744{padding-right: 0px !important;padding-left: 0px !important;}\u00a0\u00bb][vc_row_inner css=\u00a0\u00bb.vc_custom_1570864737652{padding-top: 60px !important;padding-bottom: 73px !important;}\u00a0\u00bb][vc_column_inner width=\u00a0\u00bb1\/2&Prime; css=\u00a0\u00bb.vc_custom_1570622235464{padding-right: 70px !important;padding-left: 100px !important;}\u00a0\u00bb][vc_custom_heading text=\u00a0\u00bb87 rue \u00c9milien Marcoux, Bureau 109 Blainville (Qu\u00e9bec) J7C 0B4&Prime; font_container=\u00a0\u00bbtag:h3|font_size:28px|text_align:left\u00a0\u00bb use_theme_fonts=\u00a0\u00bbyes\u00a0\u00bb css_animation=\u00a0\u00bbfadeIn\u00a0\u00bb][vc_custom_heading text=\u00a0\u00bbEmail: infos@pmd-solutionsplus.com\u00a0\u00bb font_container=\u00a0\u00bbtag:h5|text_align:left\u00a0\u00bb use_theme_fonts=\u00a0\u00bbyes\u00a0\u00bb css_animation=\u00a0\u00bbfadeIn\u00a0\u00bb css=\u00a0\u00bb.vc_custom_1570621137108{margin-bottom: 5px !important;}\u00a0\u00bb link=\u00a0\u00bburl:tel%3Ainfos%40pmd-solutionsplus.com|||\u00a0\u00bb][vc_custom_heading text=\u00a0\u00bbPhone: + 450-971-0276&Prime; font_container=\u00a0\u00bbtag:h5|text_align:left\u00a0\u00bb use_theme_fonts=\u00a0\u00bbyes\u00a0\u00bb css_animation=\u00a0\u00bbfadeIn\u00a0\u00bb css=\u00a0\u00bb.vc_custom_1570621358347{margin-bottom: 5px !important;}\u00a0\u00bb link=\u00a0\u00bburl:tel%3A%2B1450-971-0276|||\u00a0\u00bb][vc_custom_heading text=\u00a0\u00bbFax : 450-971-5985&Prime; font_container=\u00a0\u00bbtag:h5|text_align:left\u00a0\u00bb use_theme_fonts=\u00a0\u00bbyes\u00a0\u00bb css_animation=\u00a0\u00bbfadeIn\u00a0\u00bb][vc_custom_heading text=\u00a0\u00bbAppelez-nous ou venez nous voir \u00e0 tout moment. Nous nous effor\u00e7ons de r\u00e9pondre \u00e0 toutes les demandes dans les 24 heures, jours ouvrables.\u00a0\u00bb font_container=\u00a0\u00bbtag:h6|text_align:left\u00a0\u00bb use_theme_fonts=\u00a0\u00bbyes\u00a0\u00bb css_animation=\u00a0\u00bbfadeIn\u00a0\u00bb][\/vc_column_inner][vc_column_inner width=\u00a0\u00bb1\/2&Prime; css=\u00a0\u00bb.vc_custom_1515497653772{padding-right: 80px !important;padding-left: 50px !important;}\u00a0\u00bb]<div class=\"kd-contact-form full-width-cf white-input-bg\" ><div role=\"form\" class=\"wpcf7\" id=\"wpcf7-f7848-o1\" lang=\"en-US\" dir=\"ltr\">\n<div class=\"screen-reader-response\"><\/div>\n<form action=\"\/psp\/wp-json\/wp\/v2\/pages\/7833#wpcf7-f7848-o1\" method=\"post\" class=\"wpcf7-form\" novalidate=\"novalidate\">\n<div style=\"display: none;\">\n<input type=\"hidden\" name=\"_wpcf7\" value=\"7848\" \/>\n<input type=\"hidden\" name=\"_wpcf7_version\" value=\"5.1.6\" \/>\n<input type=\"hidden\" name=\"_wpcf7_locale\" value=\"en_US\" \/>\n<input type=\"hidden\" name=\"_wpcf7_unit_tag\" value=\"wpcf7-f7848-o1\" \/>\n<input type=\"hidden\" name=\"_wpcf7_container_post\" value=\"0\" \/>\n<\/div>\n<p><span class=\"wpcf7-form-control-wrap your-name\"><input type=\"text\" name=\"your-name\" value=\"\" size=\"40\" class=\"wpcf7-form-control wpcf7-text wpcf7-validates-as-required\" aria-required=\"true\" aria-invalid=\"false\" placeholder=\"Votre nom\" \/><\/span><br \/>\n<span class=\"wpcf7-form-control-wrap your-email\"><input type=\"email\" name=\"your-email\" value=\"\" size=\"40\" class=\"wpcf7-form-control wpcf7-text wpcf7-email wpcf7-validates-as-required wpcf7-validates-as-email\" aria-required=\"true\" aria-invalid=\"false\" placeholder=\"Votre email\" \/><\/span><br \/>\n<span class=\"wpcf7-form-control-wrap subjects\"><input type=\"text\" name=\"subjects\" value=\"\" size=\"40\" class=\"wpcf7-form-control wpcf7-text wpcf7-validates-as-required\" aria-required=\"true\" aria-invalid=\"false\" placeholder=\"Mati\u00e8re\" \/><\/span><br \/>\n<span class=\"wpcf7-form-control-wrap your-message\"><textarea name=\"your-message\" cols=\"40\" rows=\"10\" class=\"wpcf7-form-control wpcf7-textarea\" aria-invalid=\"false\" placeholder=\"Votre message\"><\/textarea><\/span><br \/>\n<input type=\"submit\" value=\"Envoyer le message\" class=\"wpcf7-form-control wpcf7-submit\" \/><\/p>\n<div class=\"wpcf7-response-output wpcf7-display-none\"><\/div><\/form><\/div><\/div>[\/vc_column_inner][\/vc_row_inner][\/vc_column][\/vc_row][vc_row full_width=\u00a0\u00bbstretch_row_content_no_spaces\u00a0\u00bb][vc_column][vc_gmaps link=\u00a0\u00bb#E-8_JTNDaWZyYW1lJTIwc3JjJTNEJTIyaHR0cHMlM0ElMkYlMkZ3d3cuZ29vZ2xlLmNvbSUyRm1hcHMlMkZlbWJlZCUzRnBiJTNEJTIxMW0xOCUyMTFtMTIlMjExbTMlMjExZDI3ODcuODg3MTgzMzIyNTg0NCUyMTJkLTczLjkwNTIxMDU4NDQzNTUyJTIxM2Q0NS42NzMxNjUwNzkxMDQxMSUyMTJtMyUyMTFmMCUyMTJmMCUyMTNmMCUyMTNtMiUyMTFpMTAyNCUyMTJpNzY4JTIxNGYxMy4xJTIxM20zJTIxMW0yJTIxMXMweDRjYzkyOWRjZjM2ZDVjNjMlMjUzQTB4ZWQzOTUwNDMwODc4ODU0MiUyMTJzODclMjUyMFJ1ZSUyNTIwJTI1QzMlMjU4OW1pbGllbiUyNTIwTWFyY291eCUyNTIwQnVyZWF1JTI1MjAxMDklMjUyQyUyNTIwQmxhaW52aWxsZSUyNTJDJTI1MjBRQyUyNTIwSjdDJTI1MjA1TTElMjUyQyUyNTIwQ2FuYWRhJTIxNWUwJTIxM20yJTIxMXNlbiUyMTJzYmQlMjE0djE1NzA2MjgwNjgxNTElMjE1bTIlMjExc2VuJTIxMnNiZCUyMiUyMHdpZHRoJTNEJTIyNjAwJTIyJTIwaGVpZ2h0JTNEJTIyNDUwJTIyJTIwZnJhbWVib3JkZXIlM0QlMjIwJTIyJTIwc3R5bGUlM0QlMjJib3JkZXIlM0EwJTNCJTIyJTIwYWxsb3dmdWxsc2NyZWVuJTNEJTIyJTIyJTNFJTNDJTJGaWZyYW1lJTNF\u00a0\u00bb][\/vc_column][\/vc_row]<\/p>\n","protected":false},"excerpt":{"rendered":"<p>[vc_row full_width=\u00a0\u00bbstretch_row\u00a0\u00bb][vc_column css=\u00a0\u00bb.vc_custom_1516095762744{padding-right: 0px !important;padding-left: 0px !important;}\u00a0\u00bb][vc_row_inner css=\u00a0\u00bb.vc_custom_1570864737652{padding-top: 60px !important;padding-bottom: 73px !important;}\u00a0\u00bb][vc_column_inner width=\u00a0\u00bb1\/2&Prime; css=\u00a0\u00bb.vc_custom_1570622235464{padding-right: 70px [&hellip;]<\/p>\n","protected":false},"author":1,"featured_media":0,"parent":0,"menu_order":0,"comment_status":"closed","ping_status":"closed","template":"","meta":{"footnotes":""},"_links":{"self":[{"href":"http:\/\/pmd-solutionsplus.com\/psp\/wp-json\/wp\/v2\/pages\/7833"}],"collection":[{"href":"http:\/\/pmd-solutionsplus.com\/psp\/wp-json\/wp\/v2\/pages"}],"about":[{"href":"http:\/\/pmd-solutionsplus.com\/psp\/wp-json\/wp\/v2\/types\/page"}],"author":[{"embeddable":true,"href":"http:\/\/pmd-solutionsplus.com\/psp\/wp-json\/wp\/v2\/users\/1"}],"replies":[{"embeddable":true,"href":"http:\/\/pmd-solutionsplus.com\/psp\/wp-json\/wp\/v2\/comments?post=7833"}],"version-history":[{"count":5,"href":"http:\/\/pmd-solutionsplus.com\/psp\/wp-json\/wp\/v2\/pages\/7833\/revisions"}],"predecessor-version":[{"id":7856,"href":"http:\/\/pmd-solutionsplus.com\/psp\/wp-json\/wp\/v2\/pages\/7833\/revisions\/7856"}],"wp:attachment":[{"href":"http:\/\/pmd-solutionsplus.com\/psp\/wp-json\/wp\/v2\/media?parent=7833"}],"curies":[{"name":"wp","href":"https:\/\/api.w.org\/{rel}","templated":true}]}}