{"id":7834,"date":"2018-10-22T13:49:40","date_gmt":"2018-10-22T13:49:40","guid":{"rendered":"http:\/\/pmd-solutionsplus.com\/psp\/who-we-are\/"},"modified":"2019-10-15T20:39:38","modified_gmt":"2019-10-15T20:39:38","slug":"who-we-are","status":"publish","type":"page","link":"http:\/\/pmd-solutionsplus.com\/psp\/who-we-are\/","title":{"rendered":"Qui sommes-nous"},"content":{"rendered":"<p>[vc_row full_width=\u00a0\u00bbstretch_row\u00a0\u00bb css=\u00a0\u00bb.vc_custom_1570623306233{padding-top: 275px !important;padding-bottom: 150px !important;background-image: url(http:\/\/pmd-solutionsplus.com\/psp\/wp-content\/uploads\/2019\/10\/cropped-toa-heftiba-296460-unsplash-1.jpg?id=7549) !important;background-position: center !important;background-repeat: no-repeat !important;background-size: cover !important;}\u00a0\u00bb][vc_column css=\u00a0\u00bb.vc_custom_1556023475207{margin-left: 0px !important;padding-left: 0px !important;}\u00a0\u00bb][vc_row_inner][vc_column_inner]<header class=\"kd-section-title vc_col-lg-6 vc_col-sm-8 text-left  kd-animated fadeIn  \" data-animation-delay=200><h2 class=\"separator_off\" style=\"color: #ffffff;font-size: 36px;\">Distribution, commercialisation de produits et courtage alimentaire<\/h2><h6 class=\"subtitle \" style=\"color: #ffffff;\">PMD Solutions Plus a pour mission de fournir des produits de qualit\u00e9 r\u00e9pondant aux attentes des clients et offrant des normes environnementales de haute qualit\u00e9.<\/h6><\/header>[vc_empty_space height=\u00a0\u00bb20px\u00a0\u00bb][\/vc_column_inner][\/vc_row_inner][vc_row_inner css=\u00a0\u00bb.vc_custom_1516118473562{margin-bottom: 30px !important;}\u00a0\u00bb][vc_column_inner width=\u00a0\u00bb5\/12&Prime;]<a  href=\"http:\/\/dev-website.xyz\/pmd\/who-we-are\/\"  target=\"_self\"  title=\"\" class=\"tt_button tt_primary_button btn_primary_color  pull-left\" ><span class=\"prim_text\">Produits Distribu\u00e9s<\/span><\/a><a  href=\"http:\/\/dev-website.xyz\/pmd\/contact-us\/\"  target=\"_self\"  title=\"\" class=\"tt_button tt_secondary_button btn_primary_color  pull-left\" ><span class=\"prim_text\">Contactez-nous<\/span><\/a>[\/vc_column_inner][vc_column_inner width=\u00a0\u00bb7\/12&Prime; css=\u00a0\u00bb.vc_custom_1511266572685{padding-right: 50px !important;padding-left: 50px !important;}\u00a0\u00bb][\/vc_column_inner][\/vc_row_inner][\/vc_column][\/vc_row][vc_row full_width=\u00a0\u00bbstretch_row\u00a0\u00bb css=\u00a0\u00bb.vc_custom_1570626592011{padding-top: 50px !important;}\u00a0\u00bb][vc_column css=\u00a0\u00bb.vc_custom_1516009024901{padding-right: 0px !important;padding-left: 0px !important;}\u00a0\u00bb][vc_custom_heading text=\u00a0\u00bbQui sommes nous\u00a0\u00bb font_container=\u00a0\u00bbtag:h2|text_align:center\u00a0\u00bb use_theme_fonts=\u00a0\u00bbyes\u00a0\u00bb][vc_column_text]<\/p>\n<h4>Notre Histoire<\/h4>\n<p>PMD Solutions Plus a pour mission de fournir des produits de qualit\u00e9 r\u00e9pondant aux attentes des clients et offrant des normes environnementales de haute qualit\u00e9.<\/p>\n<p>Cr\u00e9\u00e9e en 1995 sous le nom de PMD Logisoft inc., PMD devient rapidement une r\u00e9f\u00e9rence incontournable dans le domaine de la distribution et de la commercialisation de logiciels en fran\u00e7ais au Qu\u00e9bec et au Canada.<\/p>\n<p>S\u2019ensuit la conclusion d\u2019une s\u00e9rie d\u2019accords de distribution avec les grandes chaines de magasins pr\u00e9sentes sur l\u2019ensemble du territoire canadien. C\u2019est ainsi que PMD devient rapidement vendeur autoris\u00e9 chez Bureau-en-Gros, Staples, Costco, Wal-Mart, Radio Shack, La Source, Future Shop, Best Buy, Zellers, EB Games, Canadian Tire, HBC Compagnie de la Baie d\u2019Hudson, Toys\u2019R Us ainsi qu\u2019aupr\u00e8s d\u2019\u00e9coles et organismes gouvernementaux.<\/p>\n<p>Le march\u00e9 du logiciel \u00e9voluant rapidement, nous avons toujours continu\u00e9 au fil des ans \u00e0 d\u00e9nicher de nouveaux produits et \u00e0 les commercialiser avec succ\u00e8s.<\/p>\n<p>Nous offrons et commercialisons maintenant une vari\u00e9t\u00e9 de produits, y compris des produits bio et des produits naturels que nous distribuons dans de nouveaux r\u00e9seaux de distribution que nous avons d\u00e9velopp\u00e9s :[\/vc_column_text][vc_column_text css_animation=\u00a0\u00bbfadeIn\u00a0\u00bb el_class=\u00a0\u00bbctCustomBGt\u00a0\u00bb css=\u00a0\u00bb.vc_custom_1570728604098{margin-bottom: 30px !important;}\u00a0\u00bb]<\/p>\n<ul>\n<li style=\"text-align: left;\">Les magasins d\u2019alimentation IGA, Rachelle-B\u00e9ry \u00e9piceries et boutiques sant\u00e9, les magasins d\u2019alimentation Metro, Indigo, Well.ca, Avril Supermarch\u00e9 Sant\u00e9, March\u00e9 Adonis, Aliments Bulk Barn Lt\u00e9e, Home Hardware Stores, Amazon.com, Amazon.ca, Doyon Despr\u00e9s, l\u2019 I.T.H.Q. Institut de Tourisme et d\u2019Hotellerie du Qu\u00e9bec.<\/li>\n<li style=\"text-align: left;\">De multiples magasins sp\u00e9cialis\u00e9s et ind\u00e9pendants.<\/li>\n<li style=\"text-align: left;\">Les r\u00e9seaux des pharmacies Uniprix, Familiprix et Jean Coutu.<\/li>\n<\/ul>\n<p>[\/vc_column_text][vc_column_text]Nous s\u00e9lectionnons\u00a0les produits que nous distribuons\u00a0avec minutie et avec conscience professionnelle en tenant compte du d\u00e9veloppement durable et en int\u00e9grant nos valeurs de protection environnementales.<\/p>\n<p>Les valeurs de notre \u00e9quipe sont les suivantes :<\/p>\n<ul>\n<li>Approche client, service personnalis\u00e9<\/li>\n<li>Esprit d\u2019\u00e9quipe<\/li>\n<li>Excellence<\/li>\n<li>Responsabilit\u00e9<\/li>\n<li>Int\u00e9grit\u00e9<\/li>\n<li>Professionnalisme<\/li>\n<li>D\u00e9veloppement durable et respect de l\u2019environnement<\/li>\n<\/ul>\n<p>Nous agissons comme distributeur mais aussi comme courtier aupr\u00e8s de plusieurs fournisseurs.[\/vc_column_text][vc_column_text]Nous sommes conformes EDI aupr\u00e8s de plusieurs clients pour le transfert \u00e9lectronique de donn\u00e9es.<\/p>\n<p>Notre processus op\u00e9rationnel assure une rapidit\u00e9 d\u2019ex\u00e9cution et de traitement des commandes efficace et fiable pour ainsi satisfaire les besoins de notre client\u00e8le.<\/p>\n<p>PMD Solutions Plus inc., nous sommes votre partenaire de choix pour la distribution de vos produits.[\/vc_column_text][vc_column_text]<strong>Produits\u00a0:<\/strong><\/p>\n<ul>\n<li>Silikomart<\/li>\n<li>Scrapcooking<\/li>\n<li>Monbento<\/li>\n<li>Kronobar<\/li>\n<li>Sauces Piquantes.ca<\/li>\n<li>Fixi Kombucha<\/li>\n<li>Les Fermes Marcello<\/li>\n<li>Mirontaine<\/li>\n<li>Bkind<\/li>\n<li>Elucx<\/li>\n<\/ul>\n<p>[\/vc_column_text][vc_empty_space height=\u00a0\u00bb20px\u00a0\u00bb][vc_column_text]<strong>Courtage alimentaire et distribution<\/strong><\/p>\n<p>Nous sommes le lien entre vous et vos futurs clients. Nous offrons un service cl\u00e9 en main de courtage alimentaire.\u00a0 Nous sommes mandat\u00e9s par les fournisseurs pour assurer la vente et la bonne distribution de leurs produits aupr\u00e8s de leurs march\u00e9s-cibles.<\/p>\n<p>Nos repr\u00e9sentants suivent des routes bien \u00e9tablies afin que les magasins soient couverts et ils s\u2019assurent d\u2019offrir un service hors pair.\u00a0 Nous offrons une couverture des grandes cha\u00eenes jusqu\u2019aux magasins ind\u00e9pendants.<\/p>\n<p>Nos repr\u00e9sentants sur le terrain utilisent une technologie efficace offrant un programme en ligne sur tablette Ipad facilitant les suivis en magasins<\/p>\n<p>En plus, d\u2019agir comme courtier alimentaire, nous offrons \u00e9galement le service de distribution et de pr\u00e9paration des commandes.<\/p>\n<p>Nos services sont\u00a0:<\/p>\n<ul>\n<li>Prise de commande et suivi inventaire en magasin<\/li>\n<li>Analyse de la concurrence<\/li>\n<li>Mise en place des produits en magasin<\/li>\n<li>Suivi et prise de commandes \u00e0 l\u2019interne via t\u00e9l\u00e9phone<\/li>\n<li>Communication et formation avec le personnel en magasin<\/li>\n<li>Entreposage, pr\u00e9paration des commande et distribution.<\/li>\n<\/ul>\n<p>[\/vc_column_text][vc_empty_space height=\u00a0\u00bb60px\u00a0\u00bb][\/vc_column][\/vc_row][vc_row full_width=\u00a0\u00bbstretch_row\u00a0\u00bb css=\u00a0\u00bb.vc_custom_1570607084475{background-color: #ffffff !important;}\u00a0\u00bb][vc_column][vc_row_inner][vc_column_inner]<header class=\"kd-section-title col-lg-12 text-center  kd-animated fadeIn ctAboutText  vc_custom_1571171971097\" data-animation-delay=200><h2 class=\"separator_off\" >Nos clients<\/h2><h6 class=\"subtitle \" >Nous offrons et commercialisons maintenant une vari\u00e9t\u00e9 de produits, y compris des produits biologiques et des produits naturels, que nous distribuons dans de nouveaux r\u00e9seaux de distribution que nous avons d\u00e9velopp\u00e9s:<\/h6><\/header>[\/vc_column_inner][\/vc_row_inner][vc_row_inner css=\u00a0\u00bb.vc_custom_1570611861378{margin-right: 100px !important;margin-left: 100px !important;padding-top: 30px !important;}\u00a0\u00bb][vc_column_inner width=\u00a0\u00bb1\/6&Prime; css=\u00a0\u00bb.vc_custom_1513266911032{border-right-width: 1px !important;padding-top: 40px !important;padding-bottom: 40px !important;border-right-color: rgba(0,0,0,0.08) !important;border-right-style: solid !important;}\u00a0\u00bb][vc_single_image image=\u00a0\u00bb7630&Prime; img_size=\u00a0\u00bbfull\u00a0\u00bb alignment=\u00a0\u00bbcenter\u00a0\u00bb][\/vc_column_inner][vc_column_inner width=\u00a0\u00bb1\/6&Prime; css=\u00a0\u00bb.vc_custom_1513266915614{border-right-width: 1px !important;padding-top: 40px !important;padding-bottom: 40px !important;border-right-color: rgba(0,0,0,0.08) !important;border-right-style: solid !important;}\u00a0\u00bb][vc_single_image image=\u00a0\u00bb7620&Prime; img_size=\u00a0\u00bbfull\u00a0\u00bb alignment=\u00a0\u00bbcenter\u00a0\u00bb][\/vc_column_inner][vc_column_inner width=\u00a0\u00bb1\/6&Prime; css=\u00a0\u00bb.vc_custom_1570606793927{border-right-width: 1px !important;padding-top: 40px !important;padding-bottom: 40px !important;border-right-color: rgba(0,0,0,0.08) !important;border-right-style: solid !important;}\u00a0\u00bb][vc_single_image image=\u00a0\u00bb7613&Prime; img_size=\u00a0\u00bbfull\u00a0\u00bb alignment=\u00a0\u00bbcenter\u00a0\u00bb][\/vc_column_inner][vc_column_inner width=\u00a0\u00bb1\/6&Prime; css=\u00a0\u00bb.vc_custom_1570607946454{border-left-width: 1px !important;padding-top: 40px !important;padding-bottom: 40px !important;border-left-color: rgba(0,0,0,0.08) !important;border-left-style: solid !important;}\u00a0\u00bb][vc_single_image image=\u00a0\u00bb7618&Prime; img_size=\u00a0\u00bbfull\u00a0\u00bb alignment=\u00a0\u00bbcenter\u00a0\u00bb][\/vc_column_inner][vc_column_inner width=\u00a0\u00bb1\/6&Prime; css=\u00a0\u00bb.vc_custom_1570608566324{border-right-width: 1px !important;border-left-width: 1px !important;padding-top: 40px !important;padding-bottom: 40px !important;border-left-color: rgba(0,0,0,0.08) !important;border-left-style: solid !important;border-right-color: rgba(0,0,0,0.08) !important;border-right-style: solid !important;}\u00a0\u00bb][vc_single_image image=\u00a0\u00bb7609&Prime; img_size=\u00a0\u00bbfull\u00a0\u00bb alignment=\u00a0\u00bbcenter\u00a0\u00bb][\/vc_column_inner][vc_column_inner width=\u00a0\u00bb1\/6&Prime; css=\u00a0\u00bb.vc_custom_1570607955866{padding-top: 40px !important;padding-bottom: 40px !important;}\u00a0\u00bb][vc_single_image image=\u00a0\u00bb7610&Prime; img_size=\u00a0\u00bbfull\u00a0\u00bb alignment=\u00a0\u00bbcenter\u00a0\u00bb][\/vc_column_inner][\/vc_row_inner][vc_row_inner css=\u00a0\u00bb.vc_custom_1570607609462{margin-right: 100px !important;margin-left: 100px !important;border-top-width: 1px !important;border-top-color: rgba(10,10,10,0.07) !important;border-top-style: solid !important;}\u00a0\u00bb][vc_column_inner width=\u00a0\u00bb1\/6&Prime; css=\u00a0\u00bb.vc_custom_1513266931994{border-right-width: 1px !important;padding-top: 40px !important;padding-bottom: 40px !important;border-right-color: rgba(0,0,0,0.08) !important;border-right-style: solid !important;}\u00a0\u00bb][vc_single_image image=\u00a0\u00bb7611&Prime; img_size=\u00a0\u00bbfull\u00a0\u00bb alignment=\u00a0\u00bbcenter\u00a0\u00bb][\/vc_column_inner][vc_column_inner width=\u00a0\u00bb1\/6&Prime; css=\u00a0\u00bb.vc_custom_1513266936444{border-right-width: 1px !important;padding-top: 40px !important;padding-bottom: 40px !important;border-right-color: rgba(0,0,0,0.08) !important;border-right-style: solid !important;}\u00a0\u00bb][vc_single_image image=\u00a0\u00bb7623&Prime; img_size=\u00a0\u00bbfull\u00a0\u00bb alignment=\u00a0\u00bbcenter\u00a0\u00bb][\/vc_column_inner][vc_column_inner width=\u00a0\u00bb1\/6&Prime; css=\u00a0\u00bb.vc_custom_1570606800350{border-right-width: 1px !important;padding-top: 40px !important;padding-bottom: 40px !important;border-right-color: rgba(0,0,0,0.08) !important;border-right-style: solid !important;}\u00a0\u00bb][vc_single_image image=\u00a0\u00bb7631&Prime; img_size=\u00a0\u00bbfull\u00a0\u00bb alignment=\u00a0\u00bbcenter\u00a0\u00bb][\/vc_column_inner][vc_column_inner width=\u00a0\u00bb1\/6&Prime; css=\u00a0\u00bb.vc_custom_1570607984642{border-left-width: 1px !important;padding-top: 40px !important;padding-bottom: 40px !important;border-left-color: rgba(0,0,0,0.08) !important;border-left-style: solid !important;}\u00a0\u00bb][vc_single_image image=\u00a0\u00bb7621&Prime; img_size=\u00a0\u00bbfull\u00a0\u00bb alignment=\u00a0\u00bbcenter\u00a0\u00bb][\/vc_column_inner][vc_column_inner width=\u00a0\u00bb1\/6&Prime; css=\u00a0\u00bb.vc_custom_1570608574426{border-right-width: 1px !important;border-left-width: 1px !important;padding-top: 40px !important;padding-bottom: 40px !important;border-left-color: rgba(0,0,0,0.08) !important;border-left-style: solid !important;border-right-color: rgba(0,0,0,0.08) !important;border-right-style: solid !important;}\u00a0\u00bb][vc_single_image image=\u00a0\u00bb7617&Prime; img_size=\u00a0\u00bbfull\u00a0\u00bb alignment=\u00a0\u00bbcenter\u00a0\u00bb][\/vc_column_inner][vc_column_inner width=\u00a0\u00bb1\/6&Prime; css=\u00a0\u00bb.vc_custom_1570607966483{padding-top: 40px !important;padding-bottom: 40px !important;}\u00a0\u00bb][vc_single_image image=\u00a0\u00bb7622&Prime; img_size=\u00a0\u00bbfull\u00a0\u00bb alignment=\u00a0\u00bbcenter\u00a0\u00bb][\/vc_column_inner][\/vc_row_inner][vc_row_inner css=\u00a0\u00bb.vc_custom_1570607609462{margin-right: 100px !important;margin-left: 100px !important;border-top-width: 1px !important;border-top-color: rgba(10,10,10,0.07) !important;border-top-style: solid !important;}\u00a0\u00bb][vc_column_inner width=\u00a0\u00bb1\/6&Prime; css=\u00a0\u00bb.vc_custom_1513266931994{border-right-width: 1px !important;padding-top: 40px !important;padding-bottom: 40px !important;border-right-color: rgba(0,0,0,0.08) !important;border-right-style: solid !important;}\u00a0\u00bb][vc_single_image image=\u00a0\u00bb7619&Prime; img_size=\u00a0\u00bbfull\u00a0\u00bb alignment=\u00a0\u00bbcenter\u00a0\u00bb][\/vc_column_inner][vc_column_inner width=\u00a0\u00bb1\/6&Prime; css=\u00a0\u00bb.vc_custom_1513266936444{border-right-width: 1px !important;padding-top: 40px !important;padding-bottom: 40px !important;border-right-color: rgba(0,0,0,0.08) !important;border-right-style: solid !important;}\u00a0\u00bb][vc_single_image image=\u00a0\u00bb7629&Prime; img_size=\u00a0\u00bbfull\u00a0\u00bb alignment=\u00a0\u00bbcenter\u00a0\u00bb][\/vc_column_inner][vc_column_inner width=\u00a0\u00bb1\/6&Prime; css=\u00a0\u00bb.vc_custom_1570606800350{border-right-width: 1px !important;padding-top: 40px !important;padding-bottom: 40px !important;border-right-color: rgba(0,0,0,0.08) !important;border-right-style: solid !important;}\u00a0\u00bb][vc_single_image image=\u00a0\u00bb7615&Prime; img_size=\u00a0\u00bbfull\u00a0\u00bb alignment=\u00a0\u00bbcenter\u00a0\u00bb][\/vc_column_inner][vc_column_inner width=\u00a0\u00bb1\/6&Prime; css=\u00a0\u00bb.vc_custom_1570607984642{border-left-width: 1px !important;padding-top: 40px !important;padding-bottom: 40px !important;border-left-color: rgba(0,0,0,0.08) !important;border-left-style: solid !important;}\u00a0\u00bb][vc_single_image image=\u00a0\u00bb7626&Prime; img_size=\u00a0\u00bbfull\u00a0\u00bb alignment=\u00a0\u00bbcenter\u00a0\u00bb][\/vc_column_inner][vc_column_inner width=\u00a0\u00bb1\/6&Prime; css=\u00a0\u00bb.vc_custom_1570608580716{border-right-width: 1px !important;border-left-width: 1px !important;padding-top: 40px !important;padding-bottom: 40px !important;border-left-color: rgba(0,0,0,0.08) !important;border-left-style: solid !important;border-right-color: rgba(0,0,0,0.08) !important;border-right-style: solid !important;}\u00a0\u00bb][vc_single_image image=\u00a0\u00bb7628&Prime; img_size=\u00a0\u00bbfull\u00a0\u00bb alignment=\u00a0\u00bbcenter\u00a0\u00bb][\/vc_column_inner][vc_column_inner width=\u00a0\u00bb1\/6&Prime; css=\u00a0\u00bb.vc_custom_1570607966483{padding-top: 40px !important;padding-bottom: 40px !important;}\u00a0\u00bb][vc_single_image image=\u00a0\u00bb7614&Prime; img_size=\u00a0\u00bbfull\u00a0\u00bb alignment=\u00a0\u00bbcenter\u00a0\u00bb][\/vc_column_inner][\/vc_row_inner][vc_row_inner css=\u00a0\u00bb.vc_custom_1570607609462{margin-right: 100px !important;margin-left: 100px !important;border-top-width: 1px !important;border-top-color: rgba(10,10,10,0.07) !important;border-top-style: solid !important;}\u00a0\u00bb][vc_column_inner width=\u00a0\u00bb1\/6&Prime; css=\u00a0\u00bb.vc_custom_1513266931994{border-right-width: 1px !important;padding-top: 40px !important;padding-bottom: 40px !important;border-right-color: rgba(0,0,0,0.08) !important;border-right-style: solid !important;}\u00a0\u00bb][vc_single_image image=\u00a0\u00bb7624&Prime; img_size=\u00a0\u00bbfull\u00a0\u00bb alignment=\u00a0\u00bbcenter\u00a0\u00bb][\/vc_column_inner][vc_column_inner width=\u00a0\u00bb1\/6&Prime; css=\u00a0\u00bb.vc_custom_1513266936444{border-right-width: 1px !important;padding-top: 40px !important;padding-bottom: 40px !important;border-right-color: rgba(0,0,0,0.08) !important;border-right-style: solid !important;}\u00a0\u00bb][vc_single_image image=\u00a0\u00bb7625&Prime; img_size=\u00a0\u00bbfull\u00a0\u00bb alignment=\u00a0\u00bbcenter\u00a0\u00bb][\/vc_column_inner][vc_column_inner width=\u00a0\u00bb1\/6&Prime; css=\u00a0\u00bb.vc_custom_1570606800350{border-right-width: 1px !important;padding-top: 40px !important;padding-bottom: 40px !important;border-right-color: rgba(0,0,0,0.08) !important;border-right-style: solid !important;}\u00a0\u00bb][vc_single_image image=\u00a0\u00bb7616&Prime; img_size=\u00a0\u00bbfull\u00a0\u00bb alignment=\u00a0\u00bbcenter\u00a0\u00bb][\/vc_column_inner][vc_column_inner width=\u00a0\u00bb1\/6&Prime; css=\u00a0\u00bb.vc_custom_1570607984642{border-left-width: 1px !important;padding-top: 40px !important;padding-bottom: 40px !important;border-left-color: rgba(0,0,0,0.08) !important;border-left-style: solid !important;}\u00a0\u00bb][vc_single_image image=\u00a0\u00bb7612&Prime; img_size=\u00a0\u00bbfull\u00a0\u00bb alignment=\u00a0\u00bbcenter\u00a0\u00bb][\/vc_column_inner][vc_column_inner width=\u00a0\u00bb1\/6&Prime; css=\u00a0\u00bb.vc_custom_1570608770608{border-left-width: 1px !important;padding-top: 40px !important;padding-bottom: 40px !important;border-left-color: rgba(0,0,0,0.08) !important;border-left-style: solid !important;}\u00a0\u00bb][vc_single_image image=\u00a0\u00bb7627&Prime; img_size=\u00a0\u00bbfull\u00a0\u00bb alignment=\u00a0\u00bbcenter\u00a0\u00bb][\/vc_column_inner][vc_column_inner width=\u00a0\u00bb1\/6&Prime; css=\u00a0\u00bb.vc_custom_1571160634139{border-left-width: 1px !important;padding-top: 20px !important;padding-bottom: 40px !important;border-left-color: rgba(0,0,0,0.08) !important;border-left-style: solid !important;}\u00a0\u00bb][vc_single_image image=\u00a0\u00bb7871&Prime; img_size=\u00a0\u00bbfull\u00a0\u00bb alignment=\u00a0\u00bbcenter\u00a0\u00bb][\/vc_column_inner][\/vc_row_inner][\/vc_column][\/vc_row][vc_row full_width=\u00a0\u00bbstretch_row\u00a0\u00bb][vc_column][vc_empty_space height=\u00a0\u00bb20px\u00a0\u00bb][vc_row_inner css=\u00a0\u00bb.vc_custom_1555684681204{padding-bottom: 100px !important;}\u00a0\u00bb][vc_column_inner width=\u00a0\u00bb1\/6&Prime;][\/vc_column_inner][vc_column_inner width=\u00a0\u00bb2\/3&Prime;]<header class=\"kd-section-title col-lg-12 text-center  kd-animated fadeIn  \" data-animation-delay=200><h2 class=\"separator_off\" >Int\u00e9ress\u00e9? Entrons en contact!<\/h2><h6 class=\"subtitle \" >PMD Solutions Plus a pour mission de fournir des produits de qualit\u00e9 r\u00e9pondant aux attentes des clients et offrant des normes environnementales de haute qualit\u00e9.<\/h6><\/header>[vc_empty_space height=\u00a0\u00bb15px\u00a0\u00bb]<a style=\"width: 300px;\" href=\"http:\/\/dev-website.xyz\/pmd\/contact-us\/?lang=fr\"  target=\"_self\"  title=\"\" class=\"tt_button tt_primary_button btn_primary_color  button-center  kd-animated zoomIn\" data-animation-delay=200><span class=\"prim_text\">Commencer<\/span><\/a>[\/vc_column_inner][vc_column_inner width=\u00a0\u00bb1\/6&Prime;][\/vc_column_inner][\/vc_row_inner][\/vc_column][\/vc_row]<\/p>\n","protected":false},"excerpt":{"rendered":"<p>[vc_row full_width=\u00a0\u00bbstretch_row\u00a0\u00bb css=\u00a0\u00bb.vc_custom_1570623306233{padding-top: 275px !important;padding-bottom: 150px !important;background-image: url(http:\/\/pmd-solutionsplus.com\/psp\/wp-content\/uploads\/2019\/10\/cropped-toa-heftiba-296460-unsplash-1.jpg?id=7549) !important;background-position: center !important;background-repeat: no-repeat !important;background-size: cover !important;}\u00a0\u00bb][vc_column [&hellip;]<\/p>\n","protected":false},"author":1,"featured_media":0,"parent":0,"menu_order":0,"comment_status":"closed","ping_status":"closed","template":"","meta":{"footnotes":""},"_links":{"self":[{"href":"http:\/\/pmd-solutionsplus.com\/psp\/wp-json\/wp\/v2\/pages\/7834"}],"collection":[{"href":"http:\/\/pmd-solutionsplus.com\/psp\/wp-json\/wp\/v2\/pages"}],"about":[{"href":"http:\/\/pmd-solutionsplus.com\/psp\/wp-json\/wp\/v2\/types\/page"}],"author":[{"embeddable":true,"href":"http:\/\/pmd-solutionsplus.com\/psp\/wp-json\/wp\/v2\/users\/1"}],"replies":[{"embeddable":true,"href":"http:\/\/pmd-solutionsplus.com\/psp\/wp-json\/wp\/v2\/comments?post=7834"}],"version-history":[{"count":7,"href":"http:\/\/pmd-solutionsplus.com\/psp\/wp-json\/wp\/v2\/pages\/7834\/revisions"}],"predecessor-version":[{"id":7887,"href":"http:\/\/pmd-solutionsplus.com\/psp\/wp-json\/wp\/v2\/pages\/7834\/revisions\/7887"}],"wp:attachment":[{"href":"http:\/\/pmd-solutionsplus.com\/psp\/wp-json\/wp\/v2\/media?parent=7834"}],"curies":[{"name":"wp","href":"https:\/\/api.w.org\/{rel}","templated":true}]}}